{"id":5006,"date":"2024-04-22T10:20:35","date_gmt":"2024-04-22T10:20:35","guid":{"rendered":"https:\/\/afw.com.tr\/?post_type=product&#038;p=5006"},"modified":"2024-04-22T10:20:35","modified_gmt":"2024-04-22T10:20:35","slug":"pandoli-beyaz-fiyonklu-parti-gozlugu","status":"publish","type":"product","link":"https:\/\/afw.com.tr\/tr\/urun\/pandoli-beyaz-fiyonklu-parti-gozlugu\/","title":{"rendered":"Pandoli Beyaz Fiyonklu Parti G\u00f6zl\u00fc\u011f\u00fc"},"content":{"rendered":"<p>Pandoli Beyaz Fiyonklu Parti G\u00f6zl\u00fc\u011f\u00fc<\/p>","protected":false},"excerpt":{"rendered":"<p>Pandoli Beyaz Fiyonklu Parti G\u00f6zl\u00fc\u011f\u00fc<\/p>","protected":false},"featured_media":5007,"comment_status":"open","ping_status":"closed","template":"","meta":[],"product_cat":[210,78],"product_tag":[95,82],"_links":{"self":[{"href":"https:\/\/afw.com.tr\/tr\/wp-json\/wp\/v2\/product\/5006"}],"collection":[{"href":"https:\/\/afw.com.tr\/tr\/wp-json\/wp\/v2\/product"}],"about":[{"href":"https:\/\/afw.com.tr\/tr\/wp-json\/wp\/v2\/types\/product"}],"replies":[{"embeddable":true,"href":"https:\/\/afw.com.tr\/tr\/wp-json\/wp\/v2\/comments?post=5006"}],"wp:featuredmedia":[{"embeddable":true,"href":"https:\/\/afw.com.tr\/tr\/wp-json\/wp\/v2\/media\/5007"}],"wp:attachment":[{"href":"https:\/\/afw.com.tr\/tr\/wp-json\/wp\/v2\/media?parent=5006"}],"wp:term":[{"taxonomy":"product_cat","embeddable":true,"href":"https:\/\/afw.com.tr\/tr\/wp-json\/wp\/v2\/product_cat?post=5006"},{"taxonomy":"product_tag","embeddable":true,"href":"https:\/\/afw.com.tr\/tr\/wp-json\/wp\/v2\/product_tag?post=5006"}],"curies":[{"name":"wp","href":"https:\/\/api.w.org\/{rel}","templated":true}]}}