{"id":5001,"date":"2024-04-22T10:18:00","date_gmt":"2024-04-22T10:18:00","guid":{"rendered":"https:\/\/afw.com.tr\/?post_type=product&#038;p=5001"},"modified":"2024-04-22T10:18:00","modified_gmt":"2024-04-22T10:18:00","slug":"kral-sapkasi","status":"publish","type":"product","link":"https:\/\/afw.com.tr\/tr\/urun\/kral-sapkasi\/","title":{"rendered":"Kral \u015eapkas\u0131"},"content":{"rendered":"<p>Kral \u015eapkas\u0131<\/p>","protected":false},"excerpt":{"rendered":"<p>Kral \u015eapkas\u0131<\/p>","protected":false},"featured_media":5002,"comment_status":"open","ping_status":"closed","template":"","meta":[],"product_cat":[210,78],"product_tag":[123,82,211],"_links":{"self":[{"href":"https:\/\/afw.com.tr\/tr\/wp-json\/wp\/v2\/product\/5001"}],"collection":[{"href":"https:\/\/afw.com.tr\/tr\/wp-json\/wp\/v2\/product"}],"about":[{"href":"https:\/\/afw.com.tr\/tr\/wp-json\/wp\/v2\/types\/product"}],"replies":[{"embeddable":true,"href":"https:\/\/afw.com.tr\/tr\/wp-json\/wp\/v2\/comments?post=5001"}],"wp:featuredmedia":[{"embeddable":true,"href":"https:\/\/afw.com.tr\/tr\/wp-json\/wp\/v2\/media\/5002"}],"wp:attachment":[{"href":"https:\/\/afw.com.tr\/tr\/wp-json\/wp\/v2\/media?parent=5001"}],"wp:term":[{"taxonomy":"product_cat","embeddable":true,"href":"https:\/\/afw.com.tr\/tr\/wp-json\/wp\/v2\/product_cat?post=5001"},{"taxonomy":"product_tag","embeddable":true,"href":"https:\/\/afw.com.tr\/tr\/wp-json\/wp\/v2\/product_tag?post=5001"}],"curies":[{"name":"wp","href":"https:\/\/api.w.org\/{rel}","templated":true}]}}