{"id":4996,"date":"2024-04-22T10:16:06","date_gmt":"2024-04-22T10:16:06","guid":{"rendered":"https:\/\/afw.com.tr\/?post_type=product&#038;p=4996"},"modified":"2024-04-22T10:16:06","modified_gmt":"2024-04-22T10:16:06","slug":"korsan-sapka-tac-kadin","status":"publish","type":"product","link":"https:\/\/afw.com.tr\/tr\/urun\/korsan-sapka-tac-kadin\/","title":{"rendered":"Korsan \u015eapka Ta\u00e7 Kad\u0131n"},"content":{"rendered":"<p>Korsan \u015eapka Ta\u00e7 Kad\u0131n<\/p>","protected":false},"excerpt":{"rendered":"<p>Korsan \u015eapka Ta\u00e7 Kad\u0131n<\/p>","protected":false},"featured_media":4997,"comment_status":"open","ping_status":"closed","template":"","meta":[],"product_cat":[210,78],"product_tag":[109,82,211,212],"_links":{"self":[{"href":"https:\/\/afw.com.tr\/tr\/wp-json\/wp\/v2\/product\/4996"}],"collection":[{"href":"https:\/\/afw.com.tr\/tr\/wp-json\/wp\/v2\/product"}],"about":[{"href":"https:\/\/afw.com.tr\/tr\/wp-json\/wp\/v2\/types\/product"}],"replies":[{"embeddable":true,"href":"https:\/\/afw.com.tr\/tr\/wp-json\/wp\/v2\/comments?post=4996"}],"wp:featuredmedia":[{"embeddable":true,"href":"https:\/\/afw.com.tr\/tr\/wp-json\/wp\/v2\/media\/4997"}],"wp:attachment":[{"href":"https:\/\/afw.com.tr\/tr\/wp-json\/wp\/v2\/media?parent=4996"}],"wp:term":[{"taxonomy":"product_cat","embeddable":true,"href":"https:\/\/afw.com.tr\/tr\/wp-json\/wp\/v2\/product_cat?post=4996"},{"taxonomy":"product_tag","embeddable":true,"href":"https:\/\/afw.com.tr\/tr\/wp-json\/wp\/v2\/product_tag?post=4996"}],"curies":[{"name":"wp","href":"https:\/\/api.w.org\/{rel}","templated":true}]}}