{"id":4994,"date":"2024-04-22T10:14:30","date_gmt":"2024-04-22T10:14:30","guid":{"rendered":"https:\/\/afw.com.tr\/?post_type=product&#038;p=4994"},"modified":"2024-04-22T10:14:30","modified_gmt":"2024-04-22T10:14:30","slug":"korsan-sakal-biyik-boncuklu","status":"publish","type":"product","link":"https:\/\/afw.com.tr\/tr\/urun\/korsan-sakal-biyik-boncuklu\/","title":{"rendered":"Korsan Sakal B\u0131y\u0131k Boncuklu"},"content":{"rendered":"<p>Korsan Sakal B\u0131y\u0131k Boncuklu<\/p>","protected":false},"excerpt":{"rendered":"<p>Korsan Sakal B\u0131y\u0131k Boncuklu<\/p>","protected":false},"featured_media":4995,"comment_status":"open","ping_status":"closed","template":"","meta":[],"product_cat":[210,78],"product_tag":[213,109,82,221],"_links":{"self":[{"href":"https:\/\/afw.com.tr\/tr\/wp-json\/wp\/v2\/product\/4994"}],"collection":[{"href":"https:\/\/afw.com.tr\/tr\/wp-json\/wp\/v2\/product"}],"about":[{"href":"https:\/\/afw.com.tr\/tr\/wp-json\/wp\/v2\/types\/product"}],"replies":[{"embeddable":true,"href":"https:\/\/afw.com.tr\/tr\/wp-json\/wp\/v2\/comments?post=4994"}],"wp:featuredmedia":[{"embeddable":true,"href":"https:\/\/afw.com.tr\/tr\/wp-json\/wp\/v2\/media\/4995"}],"wp:attachment":[{"href":"https:\/\/afw.com.tr\/tr\/wp-json\/wp\/v2\/media?parent=4994"}],"wp:term":[{"taxonomy":"product_cat","embeddable":true,"href":"https:\/\/afw.com.tr\/tr\/wp-json\/wp\/v2\/product_cat?post=4994"},{"taxonomy":"product_tag","embeddable":true,"href":"https:\/\/afw.com.tr\/tr\/wp-json\/wp\/v2\/product_tag?post=4994"}],"curies":[{"name":"wp","href":"https:\/\/api.w.org\/{rel}","templated":true}]}}