{"id":4990,"date":"2024-04-22T10:12:07","date_gmt":"2024-04-22T10:12:07","guid":{"rendered":"https:\/\/afw.com.tr\/?post_type=product&#038;p=4990"},"modified":"2025-06-02T10:25:07","modified_gmt":"2025-06-02T10:25:07","slug":"korsan-bayrak-flame-susu","status":"publish","type":"product","link":"https:\/\/afw.com.tr\/tr\/urun\/korsan-bayrak-flame-susu\/","title":{"rendered":"Korsan Bayrak Flame S\u00fcs\u00fc"},"content":{"rendered":"<p>Korsan Bayrak Flame S\u00fcs\u00fc<\/p>","protected":false},"excerpt":{"rendered":"<p>Korsan Bayrak Flame S\u00fcs\u00fc<\/p>","protected":false},"featured_media":4991,"comment_status":"open","ping_status":"closed","template":"","meta":[],"product_cat":[210,78],"product_tag":[220,109,82],"_links":{"self":[{"href":"https:\/\/afw.com.tr\/tr\/wp-json\/wp\/v2\/product\/4990"}],"collection":[{"href":"https:\/\/afw.com.tr\/tr\/wp-json\/wp\/v2\/product"}],"about":[{"href":"https:\/\/afw.com.tr\/tr\/wp-json\/wp\/v2\/types\/product"}],"replies":[{"embeddable":true,"href":"https:\/\/afw.com.tr\/tr\/wp-json\/wp\/v2\/comments?post=4990"}],"wp:featuredmedia":[{"embeddable":true,"href":"https:\/\/afw.com.tr\/tr\/wp-json\/wp\/v2\/media\/4991"}],"wp:attachment":[{"href":"https:\/\/afw.com.tr\/tr\/wp-json\/wp\/v2\/media?parent=4990"}],"wp:term":[{"taxonomy":"product_cat","embeddable":true,"href":"https:\/\/afw.com.tr\/tr\/wp-json\/wp\/v2\/product_cat?post=4990"},{"taxonomy":"product_tag","embeddable":true,"href":"https:\/\/afw.com.tr\/tr\/wp-json\/wp\/v2\/product_tag?post=4990"}],"curies":[{"name":"wp","href":"https:\/\/api.w.org\/{rel}","templated":true}]}}