{"id":4988,"date":"2024-04-22T10:10:30","date_gmt":"2024-04-22T10:10:30","guid":{"rendered":"https:\/\/afw.com.tr\/?post_type=product&#038;p=4988"},"modified":"2024-04-22T10:10:30","modified_gmt":"2024-04-22T10:10:30","slug":"korsan-bayragi-bayrak-105x70cm","status":"publish","type":"product","link":"https:\/\/afw.com.tr\/tr\/urun\/korsan-bayragi-bayrak-105x70cm\/","title":{"rendered":"Korsan Bayra\u011f\u0131 Bayrak 105x70cm"},"content":{"rendered":"<p>Korsan Bayra\u011f\u0131 Bayrak 105x70cm<\/p>","protected":false},"excerpt":{"rendered":"<p>Korsan Bayra\u011f\u0131 Bayrak 105x70cm<\/p>","protected":false},"featured_media":4989,"comment_status":"open","ping_status":"closed","template":"","meta":[],"product_cat":[210,78],"product_tag":[220,109,82],"_links":{"self":[{"href":"https:\/\/afw.com.tr\/tr\/wp-json\/wp\/v2\/product\/4988"}],"collection":[{"href":"https:\/\/afw.com.tr\/tr\/wp-json\/wp\/v2\/product"}],"about":[{"href":"https:\/\/afw.com.tr\/tr\/wp-json\/wp\/v2\/types\/product"}],"replies":[{"embeddable":true,"href":"https:\/\/afw.com.tr\/tr\/wp-json\/wp\/v2\/comments?post=4988"}],"wp:featuredmedia":[{"embeddable":true,"href":"https:\/\/afw.com.tr\/tr\/wp-json\/wp\/v2\/media\/4989"}],"wp:attachment":[{"href":"https:\/\/afw.com.tr\/tr\/wp-json\/wp\/v2\/media?parent=4988"}],"wp:term":[{"taxonomy":"product_cat","embeddable":true,"href":"https:\/\/afw.com.tr\/tr\/wp-json\/wp\/v2\/product_cat?post=4988"},{"taxonomy":"product_tag","embeddable":true,"href":"https:\/\/afw.com.tr\/tr\/wp-json\/wp\/v2\/product_tag?post=4988"}],"curies":[{"name":"wp","href":"https:\/\/api.w.org\/{rel}","templated":true}]}}