{"id":4986,"date":"2024-04-22T10:07:35","date_gmt":"2024-04-22T10:07:35","guid":{"rendered":"https:\/\/afw.com.tr\/?post_type=product&#038;p=4986"},"modified":"2024-04-22T10:07:35","modified_gmt":"2024-04-22T10:07:35","slug":"kizilderili-basligi-tuy-sapka","status":"publish","type":"product","link":"https:\/\/afw.com.tr\/tr\/urun\/kizilderili-basligi-tuy-sapka\/","title":{"rendered":"K\u0131z\u0131lderili Ba\u015fl\u0131\u011f\u0131 T\u00fcy \u015eapka"},"content":{"rendered":"<p>K\u0131z\u0131lderili Ba\u015fl\u0131\u011f\u0131 T\u00fcy \u015eapka<\/p>","protected":false},"excerpt":{"rendered":"<p>K\u0131z\u0131lderili Ba\u015fl\u0131\u011f\u0131 T\u00fcy \u015eapka<\/p>","protected":false},"featured_media":4987,"comment_status":"open","ping_status":"closed","template":"","meta":[],"product_cat":[210,78],"product_tag":[82,103],"_links":{"self":[{"href":"https:\/\/afw.com.tr\/tr\/wp-json\/wp\/v2\/product\/4986"}],"collection":[{"href":"https:\/\/afw.com.tr\/tr\/wp-json\/wp\/v2\/product"}],"about":[{"href":"https:\/\/afw.com.tr\/tr\/wp-json\/wp\/v2\/types\/product"}],"replies":[{"embeddable":true,"href":"https:\/\/afw.com.tr\/tr\/wp-json\/wp\/v2\/comments?post=4986"}],"wp:featuredmedia":[{"embeddable":true,"href":"https:\/\/afw.com.tr\/tr\/wp-json\/wp\/v2\/media\/4987"}],"wp:attachment":[{"href":"https:\/\/afw.com.tr\/tr\/wp-json\/wp\/v2\/media?parent=4986"}],"wp:term":[{"taxonomy":"product_cat","embeddable":true,"href":"https:\/\/afw.com.tr\/tr\/wp-json\/wp\/v2\/product_cat?post=4986"},{"taxonomy":"product_tag","embeddable":true,"href":"https:\/\/afw.com.tr\/tr\/wp-json\/wp\/v2\/product_tag?post=4986"}],"curies":[{"name":"wp","href":"https:\/\/api.w.org\/{rel}","templated":true}]}}