{"id":4984,"date":"2024-04-22T10:05:29","date_gmt":"2024-04-22T10:05:29","guid":{"rendered":"https:\/\/afw.com.tr\/?post_type=product&#038;p=4984"},"modified":"2024-04-22T10:05:29","modified_gmt":"2024-04-22T10:05:29","slug":"kaynana-dili-duduk-10lu","status":"publish","type":"product","link":"https:\/\/afw.com.tr\/tr\/urun\/kaynana-dili-duduk-10lu\/","title":{"rendered":"Kaynana Dili D\u00fcd\u00fck 10&#8217;lu"},"content":{"rendered":"<p>Kaynana Dili D\u00fcd\u00fck 10&#8217;lu<\/p>","protected":false},"excerpt":{"rendered":"<p>Kaynana Dili D\u00fcd\u00fck 10&#8217;lu<\/p>","protected":false},"featured_media":4985,"comment_status":"open","ping_status":"closed","template":"","meta":[],"product_cat":[210,78],"product_tag":[219,82],"_links":{"self":[{"href":"https:\/\/afw.com.tr\/tr\/wp-json\/wp\/v2\/product\/4984"}],"collection":[{"href":"https:\/\/afw.com.tr\/tr\/wp-json\/wp\/v2\/product"}],"about":[{"href":"https:\/\/afw.com.tr\/tr\/wp-json\/wp\/v2\/types\/product"}],"replies":[{"embeddable":true,"href":"https:\/\/afw.com.tr\/tr\/wp-json\/wp\/v2\/comments?post=4984"}],"wp:featuredmedia":[{"embeddable":true,"href":"https:\/\/afw.com.tr\/tr\/wp-json\/wp\/v2\/media\/4985"}],"wp:attachment":[{"href":"https:\/\/afw.com.tr\/tr\/wp-json\/wp\/v2\/media?parent=4984"}],"wp:term":[{"taxonomy":"product_cat","embeddable":true,"href":"https:\/\/afw.com.tr\/tr\/wp-json\/wp\/v2\/product_cat?post=4984"},{"taxonomy":"product_tag","embeddable":true,"href":"https:\/\/afw.com.tr\/tr\/wp-json\/wp\/v2\/product_tag?post=4984"}],"curies":[{"name":"wp","href":"https:\/\/api.w.org\/{rel}","templated":true}]}}