{"id":4974,"date":"2024-04-22T10:00:16","date_gmt":"2024-04-22T10:00:16","guid":{"rendered":"https:\/\/afw.com.tr\/?post_type=product&#038;p=4974"},"modified":"2024-04-22T10:00:16","modified_gmt":"2024-04-22T10:00:16","slug":"ingiliz-kadin-polis-sapka","status":"publish","type":"product","link":"https:\/\/afw.com.tr\/tr\/urun\/ingiliz-kadin-polis-sapka\/","title":{"rendered":"\u0130ngiliz Kad\u0131n Polis \u015eapka"},"content":{"rendered":"<p>\u0130ngiliz Kad\u0131n Polis \u015eapka<\/p>","protected":false},"excerpt":{"rendered":"<p>\u0130ngiliz Kad\u0131n Polis \u015eapka<\/p>","protected":false},"featured_media":4975,"comment_status":"open","ping_status":"closed","template":"","meta":[],"product_cat":[210,78],"product_tag":[82,211],"_links":{"self":[{"href":"https:\/\/afw.com.tr\/tr\/wp-json\/wp\/v2\/product\/4974"}],"collection":[{"href":"https:\/\/afw.com.tr\/tr\/wp-json\/wp\/v2\/product"}],"about":[{"href":"https:\/\/afw.com.tr\/tr\/wp-json\/wp\/v2\/types\/product"}],"replies":[{"embeddable":true,"href":"https:\/\/afw.com.tr\/tr\/wp-json\/wp\/v2\/comments?post=4974"}],"wp:featuredmedia":[{"embeddable":true,"href":"https:\/\/afw.com.tr\/tr\/wp-json\/wp\/v2\/media\/4975"}],"wp:attachment":[{"href":"https:\/\/afw.com.tr\/tr\/wp-json\/wp\/v2\/media?parent=4974"}],"wp:term":[{"taxonomy":"product_cat","embeddable":true,"href":"https:\/\/afw.com.tr\/tr\/wp-json\/wp\/v2\/product_cat?post=4974"},{"taxonomy":"product_tag","embeddable":true,"href":"https:\/\/afw.com.tr\/tr\/wp-json\/wp\/v2\/product_tag?post=4974"}],"curies":[{"name":"wp","href":"https:\/\/api.w.org\/{rel}","templated":true}]}}