{"id":4972,"date":"2024-04-22T09:51:09","date_gmt":"2024-04-22T09:51:09","guid":{"rendered":"https:\/\/afw.com.tr\/?post_type=product&#038;p=4972"},"modified":"2024-04-22T09:51:09","modified_gmt":"2024-04-22T09:51:09","slug":"hemsire-parti-seti-tac-onluk","status":"publish","type":"product","link":"https:\/\/afw.com.tr\/tr\/urun\/hemsire-parti-seti-tac-onluk\/","title":{"rendered":"Hem\u015fire Parti Seti Ta\u00e7 \u00d6nl\u00fck"},"content":{"rendered":"<p>Hem\u015fire Parti Seti Ta\u00e7 \u00d6nl\u00fck<\/p>","protected":false},"excerpt":{"rendered":"<p>Hem\u015fire Parti Seti Ta\u00e7 \u00d6nl\u00fck<\/p>","protected":false},"featured_media":4973,"comment_status":"open","ping_status":"closed","template":"","meta":[],"product_cat":[210,78],"product_tag":[82,212],"_links":{"self":[{"href":"https:\/\/afw.com.tr\/tr\/wp-json\/wp\/v2\/product\/4972"}],"collection":[{"href":"https:\/\/afw.com.tr\/tr\/wp-json\/wp\/v2\/product"}],"about":[{"href":"https:\/\/afw.com.tr\/tr\/wp-json\/wp\/v2\/types\/product"}],"replies":[{"embeddable":true,"href":"https:\/\/afw.com.tr\/tr\/wp-json\/wp\/v2\/comments?post=4972"}],"wp:featuredmedia":[{"embeddable":true,"href":"https:\/\/afw.com.tr\/tr\/wp-json\/wp\/v2\/media\/4973"}],"wp:attachment":[{"href":"https:\/\/afw.com.tr\/tr\/wp-json\/wp\/v2\/media?parent=4972"}],"wp:term":[{"taxonomy":"product_cat","embeddable":true,"href":"https:\/\/afw.com.tr\/tr\/wp-json\/wp\/v2\/product_cat?post=4972"},{"taxonomy":"product_tag","embeddable":true,"href":"https:\/\/afw.com.tr\/tr\/wp-json\/wp\/v2\/product_tag?post=4972"}],"curies":[{"name":"wp","href":"https:\/\/api.w.org\/{rel}","templated":true}]}}