{"id":4970,"date":"2024-04-22T09:49:51","date_gmt":"2024-04-22T09:49:51","guid":{"rendered":"https:\/\/afw.com.tr\/?post_type=product&#038;p=4970"},"modified":"2025-05-31T20:13:52","modified_gmt":"2025-05-31T20:13:52","slug":"desenli-ahsap-geysa-kimono-yelpazesi","status":"publish","type":"product","link":"https:\/\/afw.com.tr\/tr\/urun\/desenli-ahsap-geysa-kimono-yelpazesi\/","title":{"rendered":"Desenli Ah\u015fap Gey\u015fa Kimono Yelpazesi"},"content":{"rendered":"<p>Desenli Ah\u015fap Gey\u015fa Kimono Yelpazesi<\/p>","protected":false},"excerpt":{"rendered":"<p>Desenli Ah\u015fap Gey\u015fa Kimono Yelpazesi<\/p>","protected":false},"featured_media":4971,"comment_status":"open","ping_status":"closed","template":"","meta":[],"product_cat":[210,78],"product_tag":[82,217],"_links":{"self":[{"href":"https:\/\/afw.com.tr\/tr\/wp-json\/wp\/v2\/product\/4970"}],"collection":[{"href":"https:\/\/afw.com.tr\/tr\/wp-json\/wp\/v2\/product"}],"about":[{"href":"https:\/\/afw.com.tr\/tr\/wp-json\/wp\/v2\/types\/product"}],"replies":[{"embeddable":true,"href":"https:\/\/afw.com.tr\/tr\/wp-json\/wp\/v2\/comments?post=4970"}],"wp:featuredmedia":[{"embeddable":true,"href":"https:\/\/afw.com.tr\/tr\/wp-json\/wp\/v2\/media\/4971"}],"wp:attachment":[{"href":"https:\/\/afw.com.tr\/tr\/wp-json\/wp\/v2\/media?parent=4970"}],"wp:term":[{"taxonomy":"product_cat","embeddable":true,"href":"https:\/\/afw.com.tr\/tr\/wp-json\/wp\/v2\/product_cat?post=4970"},{"taxonomy":"product_tag","embeddable":true,"href":"https:\/\/afw.com.tr\/tr\/wp-json\/wp\/v2\/product_tag?post=4970"}],"curies":[{"name":"wp","href":"https:\/\/api.w.org\/{rel}","templated":true}]}}