{"id":4968,"date":"2024-04-22T09:47:47","date_gmt":"2024-04-22T09:47:47","guid":{"rendered":"https:\/\/afw.com.tr\/?post_type=product&#038;p=4968"},"modified":"2024-11-02T10:52:57","modified_gmt":"2024-11-02T10:52:57","slug":"dedektif-gozluk-biyik-sakal-set","status":"publish","type":"product","link":"https:\/\/afw.com.tr\/tr\/urun\/dedektif-gozluk-biyik-sakal-set\/","title":{"rendered":"Dedektif G\u00f6zl\u00fck B\u0131y\u0131k Sakal Set"},"content":{"rendered":"<p>Dedektif G\u00f6zl\u00fck B\u0131y\u0131k Sakal Set<\/p>","protected":false},"excerpt":{"rendered":"<p>Dedektif G\u00f6zl\u00fck B\u0131y\u0131k Sakal Set<\/p>","protected":false},"featured_media":4969,"comment_status":"open","ping_status":"closed","template":"","meta":[],"product_cat":[210,78],"product_tag":[213,82],"_links":{"self":[{"href":"https:\/\/afw.com.tr\/tr\/wp-json\/wp\/v2\/product\/4968"}],"collection":[{"href":"https:\/\/afw.com.tr\/tr\/wp-json\/wp\/v2\/product"}],"about":[{"href":"https:\/\/afw.com.tr\/tr\/wp-json\/wp\/v2\/types\/product"}],"replies":[{"embeddable":true,"href":"https:\/\/afw.com.tr\/tr\/wp-json\/wp\/v2\/comments?post=4968"}],"wp:featuredmedia":[{"embeddable":true,"href":"https:\/\/afw.com.tr\/tr\/wp-json\/wp\/v2\/media\/4969"}],"wp:attachment":[{"href":"https:\/\/afw.com.tr\/tr\/wp-json\/wp\/v2\/media?parent=4968"}],"wp:term":[{"taxonomy":"product_cat","embeddable":true,"href":"https:\/\/afw.com.tr\/tr\/wp-json\/wp\/v2\/product_cat?post=4968"},{"taxonomy":"product_tag","embeddable":true,"href":"https:\/\/afw.com.tr\/tr\/wp-json\/wp\/v2\/product_tag?post=4968"}],"curies":[{"name":"wp","href":"https:\/\/api.w.org\/{rel}","templated":true}]}}