{"id":4966,"date":"2024-04-22T09:45:01","date_gmt":"2024-04-22T09:45:01","guid":{"rendered":"https:\/\/afw.com.tr\/?post_type=product&#038;p=4966"},"modified":"2024-10-21T15:44:42","modified_gmt":"2024-10-21T15:44:42","slug":"cin-feneri-asma-sus-mavi-renk-35-cm","status":"publish","type":"product","link":"https:\/\/afw.com.tr\/tr\/urun\/cin-feneri-asma-sus-mavi-renk-35-cm\/","title":{"rendered":"\u00c7in Feneri Asma S\u00fcs Mavi Renk 35 Cm"},"content":{"rendered":"<p>\u00c7in Feneri Asma S\u00fcs Mavi Renk 35 Cm<\/p>","protected":false},"excerpt":{"rendered":"<p>\u00c7in Feneri Asma S\u00fcs Mavi Renk 35 Cm<\/p>","protected":false},"featured_media":4967,"comment_status":"open","ping_status":"closed","template":"","meta":[],"product_cat":[210,78],"product_tag":[216,82],"_links":{"self":[{"href":"https:\/\/afw.com.tr\/tr\/wp-json\/wp\/v2\/product\/4966"}],"collection":[{"href":"https:\/\/afw.com.tr\/tr\/wp-json\/wp\/v2\/product"}],"about":[{"href":"https:\/\/afw.com.tr\/tr\/wp-json\/wp\/v2\/types\/product"}],"replies":[{"embeddable":true,"href":"https:\/\/afw.com.tr\/tr\/wp-json\/wp\/v2\/comments?post=4966"}],"wp:featuredmedia":[{"embeddable":true,"href":"https:\/\/afw.com.tr\/tr\/wp-json\/wp\/v2\/media\/4967"}],"wp:attachment":[{"href":"https:\/\/afw.com.tr\/tr\/wp-json\/wp\/v2\/media?parent=4966"}],"wp:term":[{"taxonomy":"product_cat","embeddable":true,"href":"https:\/\/afw.com.tr\/tr\/wp-json\/wp\/v2\/product_cat?post=4966"},{"taxonomy":"product_tag","embeddable":true,"href":"https:\/\/afw.com.tr\/tr\/wp-json\/wp\/v2\/product_tag?post=4966"}],"curies":[{"name":"wp","href":"https:\/\/api.w.org\/{rel}","templated":true}]}}