{"id":4964,"date":"2024-04-22T09:43:01","date_gmt":"2024-04-22T09:43:01","guid":{"rendered":"https:\/\/afw.com.tr\/?post_type=product&#038;p=4964"},"modified":"2024-04-22T09:43:01","modified_gmt":"2024-04-22T09:43:01","slug":"buyuk-bebek-set","status":"publish","type":"product","link":"https:\/\/afw.com.tr\/tr\/urun\/buyuk-bebek-set\/","title":{"rendered":"B\u00fcy\u00fck Bebek Set"},"content":{"rendered":"<p>B\u00fcy\u00fck Bebek Set<\/p>","protected":false},"excerpt":{"rendered":"<p>B\u00fcy\u00fck Bebek Set<\/p>","protected":false},"featured_media":4965,"comment_status":"open","ping_status":"closed","template":"","meta":[],"product_cat":[210,78],"product_tag":[],"_links":{"self":[{"href":"https:\/\/afw.com.tr\/tr\/wp-json\/wp\/v2\/product\/4964"}],"collection":[{"href":"https:\/\/afw.com.tr\/tr\/wp-json\/wp\/v2\/product"}],"about":[{"href":"https:\/\/afw.com.tr\/tr\/wp-json\/wp\/v2\/types\/product"}],"replies":[{"embeddable":true,"href":"https:\/\/afw.com.tr\/tr\/wp-json\/wp\/v2\/comments?post=4964"}],"wp:featuredmedia":[{"embeddable":true,"href":"https:\/\/afw.com.tr\/tr\/wp-json\/wp\/v2\/media\/4965"}],"wp:attachment":[{"href":"https:\/\/afw.com.tr\/tr\/wp-json\/wp\/v2\/media?parent=4964"}],"wp:term":[{"taxonomy":"product_cat","embeddable":true,"href":"https:\/\/afw.com.tr\/tr\/wp-json\/wp\/v2\/product_cat?post=4964"},{"taxonomy":"product_tag","embeddable":true,"href":"https:\/\/afw.com.tr\/tr\/wp-json\/wp\/v2\/product_tag?post=4964"}],"curies":[{"name":"wp","href":"https:\/\/api.w.org\/{rel}","templated":true}]}}