{"id":4960,"date":"2024-04-22T09:40:27","date_gmt":"2024-04-22T09:40:27","guid":{"rendered":"https:\/\/afw.com.tr\/?post_type=product&#038;p=4960"},"modified":"2024-04-22T09:40:27","modified_gmt":"2024-04-22T09:40:27","slug":"beyaz-elma-sekilli-gozluk","status":"publish","type":"product","link":"https:\/\/afw.com.tr\/tr\/urun\/beyaz-elma-sekilli-gozluk\/","title":{"rendered":"Beyaz Elma \u015eekilli G\u00f6zl\u00fck"},"content":{"rendered":"<p>Beyaz Elma \u015eekilli G\u00f6zl\u00fck<\/p>","protected":false},"excerpt":{"rendered":"<p>Beyaz Elma \u015eekilli G\u00f6zl\u00fck<\/p>","protected":false},"featured_media":4961,"comment_status":"open","ping_status":"closed","template":"","meta":[],"product_cat":[210,78],"product_tag":[95,82],"_links":{"self":[{"href":"https:\/\/afw.com.tr\/tr\/wp-json\/wp\/v2\/product\/4960"}],"collection":[{"href":"https:\/\/afw.com.tr\/tr\/wp-json\/wp\/v2\/product"}],"about":[{"href":"https:\/\/afw.com.tr\/tr\/wp-json\/wp\/v2\/types\/product"}],"replies":[{"embeddable":true,"href":"https:\/\/afw.com.tr\/tr\/wp-json\/wp\/v2\/comments?post=4960"}],"wp:featuredmedia":[{"embeddable":true,"href":"https:\/\/afw.com.tr\/tr\/wp-json\/wp\/v2\/media\/4961"}],"wp:attachment":[{"href":"https:\/\/afw.com.tr\/tr\/wp-json\/wp\/v2\/media?parent=4960"}],"wp:term":[{"taxonomy":"product_cat","embeddable":true,"href":"https:\/\/afw.com.tr\/tr\/wp-json\/wp\/v2\/product_cat?post=4960"},{"taxonomy":"product_tag","embeddable":true,"href":"https:\/\/afw.com.tr\/tr\/wp-json\/wp\/v2\/product_tag?post=4960"}],"curies":[{"name":"wp","href":"https:\/\/api.w.org\/{rel}","templated":true}]}}