{"id":4958,"date":"2024-04-22T09:36:16","date_gmt":"2024-04-22T09:36:16","guid":{"rendered":"https:\/\/afw.com.tr\/?post_type=product&#038;p=4958"},"modified":"2024-04-22T09:36:17","modified_gmt":"2024-04-22T09:36:17","slug":"ari-kostum-set-3lu-tac-etek-kanat","status":"publish","type":"product","link":"https:\/\/afw.com.tr\/tr\/urun\/ari-kostum-set-3lu-tac-etek-kanat\/","title":{"rendered":"Ar\u0131 Kost\u00fcm Set 3&#8217;l\u00fc Ta\u00e7 Etek Kanat"},"content":{"rendered":"<p>Ar\u0131 Kost\u00fcm Set 3&#8217;l\u00fc Ta\u00e7 Etek Kanat<\/p>","protected":false},"excerpt":{"rendered":"<p>Ar\u0131 Kost\u00fcm Set 3&#8217;l\u00fc Ta\u00e7 Etek Kanat<\/p>","protected":false},"featured_media":4959,"comment_status":"open","ping_status":"closed","template":"","meta":[],"product_cat":[106,78],"product_tag":[120,214,107],"_links":{"self":[{"href":"https:\/\/afw.com.tr\/tr\/wp-json\/wp\/v2\/product\/4958"}],"collection":[{"href":"https:\/\/afw.com.tr\/tr\/wp-json\/wp\/v2\/product"}],"about":[{"href":"https:\/\/afw.com.tr\/tr\/wp-json\/wp\/v2\/types\/product"}],"replies":[{"embeddable":true,"href":"https:\/\/afw.com.tr\/tr\/wp-json\/wp\/v2\/comments?post=4958"}],"wp:featuredmedia":[{"embeddable":true,"href":"https:\/\/afw.com.tr\/tr\/wp-json\/wp\/v2\/media\/4959"}],"wp:attachment":[{"href":"https:\/\/afw.com.tr\/tr\/wp-json\/wp\/v2\/media?parent=4958"}],"wp:term":[{"taxonomy":"product_cat","embeddable":true,"href":"https:\/\/afw.com.tr\/tr\/wp-json\/wp\/v2\/product_cat?post=4958"},{"taxonomy":"product_tag","embeddable":true,"href":"https:\/\/afw.com.tr\/tr\/wp-json\/wp\/v2\/product_tag?post=4958"}],"curies":[{"name":"wp","href":"https:\/\/api.w.org\/{rel}","templated":true}]}}