{"id":4952,"date":"2024-04-22T09:31:22","date_gmt":"2024-04-22T09:31:22","guid":{"rendered":"https:\/\/afw.com.tr\/?post_type=product&#038;p=4952"},"modified":"2024-04-22T09:31:22","modified_gmt":"2024-04-22T09:31:22","slug":"mustache-takma-biyik","status":"publish","type":"product","link":"https:\/\/afw.com.tr\/tr\/urun\/mustache-takma-biyik\/","title":{"rendered":"Mustache Takma B\u0131y\u0131k"},"content":{"rendered":"<p>Mustache Takma B\u0131y\u0131k<\/p>","protected":false},"excerpt":{"rendered":"<p>Mustache Takma B\u0131y\u0131k<\/p>","protected":false},"featured_media":4953,"comment_status":"open","ping_status":"closed","template":"","meta":[],"product_cat":[210,78],"product_tag":[213,82],"_links":{"self":[{"href":"https:\/\/afw.com.tr\/tr\/wp-json\/wp\/v2\/product\/4952"}],"collection":[{"href":"https:\/\/afw.com.tr\/tr\/wp-json\/wp\/v2\/product"}],"about":[{"href":"https:\/\/afw.com.tr\/tr\/wp-json\/wp\/v2\/types\/product"}],"replies":[{"embeddable":true,"href":"https:\/\/afw.com.tr\/tr\/wp-json\/wp\/v2\/comments?post=4952"}],"wp:featuredmedia":[{"embeddable":true,"href":"https:\/\/afw.com.tr\/tr\/wp-json\/wp\/v2\/media\/4953"}],"wp:attachment":[{"href":"https:\/\/afw.com.tr\/tr\/wp-json\/wp\/v2\/media?parent=4952"}],"wp:term":[{"taxonomy":"product_cat","embeddable":true,"href":"https:\/\/afw.com.tr\/tr\/wp-json\/wp\/v2\/product_cat?post=4952"},{"taxonomy":"product_tag","embeddable":true,"href":"https:\/\/afw.com.tr\/tr\/wp-json\/wp\/v2\/product_tag?post=4952"}],"curies":[{"name":"wp","href":"https:\/\/api.w.org\/{rel}","templated":true}]}}