{"id":4935,"date":"2024-04-22T09:24:35","date_gmt":"2024-04-22T09:24:35","guid":{"rendered":"https:\/\/afw.com.tr\/?post_type=product&#038;p=4935"},"modified":"2024-04-22T09:25:27","modified_gmt":"2024-04-22T09:25:27","slug":"cin-japon-sapka","status":"publish","type":"product","link":"https:\/\/afw.com.tr\/tr\/urun\/cin-japon-sapka\/","title":{"rendered":"\u00c7in &#8211; Japon \u015eapka"},"content":{"rendered":"<p>\u00c7in &#8211; Japon \u015eapka<\/p>","protected":false},"excerpt":{"rendered":"<p>\u00c7in &#8211; Japon \u015eapka<\/p>","protected":false},"featured_media":4936,"comment_status":"open","ping_status":"closed","template":"","meta":[],"product_cat":[210,78],"product_tag":[82,211],"_links":{"self":[{"href":"https:\/\/afw.com.tr\/tr\/wp-json\/wp\/v2\/product\/4935"}],"collection":[{"href":"https:\/\/afw.com.tr\/tr\/wp-json\/wp\/v2\/product"}],"about":[{"href":"https:\/\/afw.com.tr\/tr\/wp-json\/wp\/v2\/types\/product"}],"replies":[{"embeddable":true,"href":"https:\/\/afw.com.tr\/tr\/wp-json\/wp\/v2\/comments?post=4935"}],"wp:featuredmedia":[{"embeddable":true,"href":"https:\/\/afw.com.tr\/tr\/wp-json\/wp\/v2\/media\/4936"}],"wp:attachment":[{"href":"https:\/\/afw.com.tr\/tr\/wp-json\/wp\/v2\/media?parent=4935"}],"wp:term":[{"taxonomy":"product_cat","embeddable":true,"href":"https:\/\/afw.com.tr\/tr\/wp-json\/wp\/v2\/product_cat?post=4935"},{"taxonomy":"product_tag","embeddable":true,"href":"https:\/\/afw.com.tr\/tr\/wp-json\/wp\/v2\/product_tag?post=4935"}],"curies":[{"name":"wp","href":"https:\/\/api.w.org\/{rel}","templated":true}]}}