{"id":4922,"date":"2024-04-22T09:22:54","date_gmt":"2024-04-22T09:22:54","guid":{"rendered":"https:\/\/afw.com.tr\/?post_type=product&#038;p=4922"},"modified":"2024-04-22T09:22:54","modified_gmt":"2024-04-22T09:22:54","slug":"dekoratif-susleme-tuy-12li","status":"publish","type":"product","link":"https:\/\/afw.com.tr\/tr\/urun\/dekoratif-susleme-tuy-12li\/","title":{"rendered":"Dekoratif S\u00fcsleme T\u00fcy 12&#8217;li"},"content":{"rendered":"<p>Dekoratif S\u00fcsleme T\u00fcy 12&#8217;li<\/p>","protected":false},"excerpt":{"rendered":"<p>Dekoratif S\u00fcsleme T\u00fcy 12&#8217;li<\/p>","protected":false},"featured_media":4923,"comment_status":"open","ping_status":"closed","template":"","meta":[],"product_cat":[210,78],"product_tag":[82,103],"_links":{"self":[{"href":"https:\/\/afw.com.tr\/tr\/wp-json\/wp\/v2\/product\/4922"}],"collection":[{"href":"https:\/\/afw.com.tr\/tr\/wp-json\/wp\/v2\/product"}],"about":[{"href":"https:\/\/afw.com.tr\/tr\/wp-json\/wp\/v2\/types\/product"}],"replies":[{"embeddable":true,"href":"https:\/\/afw.com.tr\/tr\/wp-json\/wp\/v2\/comments?post=4922"}],"wp:featuredmedia":[{"embeddable":true,"href":"https:\/\/afw.com.tr\/tr\/wp-json\/wp\/v2\/media\/4923"}],"wp:attachment":[{"href":"https:\/\/afw.com.tr\/tr\/wp-json\/wp\/v2\/media?parent=4922"}],"wp:term":[{"taxonomy":"product_cat","embeddable":true,"href":"https:\/\/afw.com.tr\/tr\/wp-json\/wp\/v2\/product_cat?post=4922"},{"taxonomy":"product_tag","embeddable":true,"href":"https:\/\/afw.com.tr\/tr\/wp-json\/wp\/v2\/product_tag?post=4922"}],"curies":[{"name":"wp","href":"https:\/\/api.w.org\/{rel}","templated":true}]}}