{"id":4917,"date":"2024-04-17T19:19:17","date_gmt":"2024-04-17T19:19:17","guid":{"rendered":"https:\/\/afw.com.tr\/?post_type=product&#038;p=4917"},"modified":"2024-04-17T19:19:17","modified_gmt":"2024-04-17T19:19:17","slug":"yapiskanli-simli-eva-50x70-2-mm-10lu-paket-karisik-renkler","status":"publish","type":"product","link":"https:\/\/afw.com.tr\/tr\/urun\/yapiskanli-simli-eva-50x70-2-mm-10lu-paket-karisik-renkler\/","title":{"rendered":"Yap\u0131\u015fkanl\u0131 Simli Eva 50&#215;70 2 mm 10&#8217;lu Paket Kar\u0131\u015f\u0131k Renkler"},"content":{"rendered":"<p>Yap\u0131\u015fkanl\u0131 Simli Eva 50&#215;70 2 mm 10&#8217;lu Paket Kar\u0131\u015f\u0131k Renkler<\/p>","protected":false},"excerpt":{"rendered":"<p>Yap\u0131\u015fkanl\u0131 Simli Eva 50&#215;70 2 mm 10&#8217;lu Paket Kar\u0131\u015f\u0131k Renkler<\/p>","protected":false},"featured_media":4918,"comment_status":"open","ping_status":"closed","template":"","meta":[],"product_cat":[194,192],"product_tag":[207,208],"_links":{"self":[{"href":"https:\/\/afw.com.tr\/tr\/wp-json\/wp\/v2\/product\/4917"}],"collection":[{"href":"https:\/\/afw.com.tr\/tr\/wp-json\/wp\/v2\/product"}],"about":[{"href":"https:\/\/afw.com.tr\/tr\/wp-json\/wp\/v2\/types\/product"}],"replies":[{"embeddable":true,"href":"https:\/\/afw.com.tr\/tr\/wp-json\/wp\/v2\/comments?post=4917"}],"wp:featuredmedia":[{"embeddable":true,"href":"https:\/\/afw.com.tr\/tr\/wp-json\/wp\/v2\/media\/4918"}],"wp:attachment":[{"href":"https:\/\/afw.com.tr\/tr\/wp-json\/wp\/v2\/media?parent=4917"}],"wp:term":[{"taxonomy":"product_cat","embeddable":true,"href":"https:\/\/afw.com.tr\/tr\/wp-json\/wp\/v2\/product_cat?post=4917"},{"taxonomy":"product_tag","embeddable":true,"href":"https:\/\/afw.com.tr\/tr\/wp-json\/wp\/v2\/product_tag?post=4917"}],"curies":[{"name":"wp","href":"https:\/\/api.w.org\/{rel}","templated":true}]}}