{"id":4915,"date":"2024-04-17T19:18:33","date_gmt":"2024-04-17T19:18:33","guid":{"rendered":"https:\/\/afw.com.tr\/?post_type=product&#038;p=4915"},"modified":"2024-04-17T19:18:33","modified_gmt":"2024-04-17T19:18:33","slug":"ticon-yapiskanli-kece-20x30-cm-10-lu","status":"publish","type":"product","link":"https:\/\/afw.com.tr\/tr\/urun\/ticon-yapiskanli-kece-20x30-cm-10-lu\/","title":{"rendered":"Ticon Yap\u0131\u015fkanl\u0131 Ke\u00e7e 20&#215;30 cm 10 lu"},"content":{"rendered":"<p>Ticon Yap\u0131\u015fkanl\u0131 Ke\u00e7e 20&#215;30 cm 10 lu<\/p>","protected":false},"excerpt":{"rendered":"<p>Ticon Yap\u0131\u015fkanl\u0131 Ke\u00e7e 20&#215;30 cm 10 lu<\/p>","protected":false},"featured_media":4916,"comment_status":"open","ping_status":"closed","template":"","meta":[],"product_cat":[194,192],"product_tag":[207,208],"_links":{"self":[{"href":"https:\/\/afw.com.tr\/tr\/wp-json\/wp\/v2\/product\/4915"}],"collection":[{"href":"https:\/\/afw.com.tr\/tr\/wp-json\/wp\/v2\/product"}],"about":[{"href":"https:\/\/afw.com.tr\/tr\/wp-json\/wp\/v2\/types\/product"}],"replies":[{"embeddable":true,"href":"https:\/\/afw.com.tr\/tr\/wp-json\/wp\/v2\/comments?post=4915"}],"wp:featuredmedia":[{"embeddable":true,"href":"https:\/\/afw.com.tr\/tr\/wp-json\/wp\/v2\/media\/4916"}],"wp:attachment":[{"href":"https:\/\/afw.com.tr\/tr\/wp-json\/wp\/v2\/media?parent=4915"}],"wp:term":[{"taxonomy":"product_cat","embeddable":true,"href":"https:\/\/afw.com.tr\/tr\/wp-json\/wp\/v2\/product_cat?post=4915"},{"taxonomy":"product_tag","embeddable":true,"href":"https:\/\/afw.com.tr\/tr\/wp-json\/wp\/v2\/product_tag?post=4915"}],"curies":[{"name":"wp","href":"https:\/\/api.w.org\/{rel}","templated":true}]}}