{"id":4909,"date":"2024-04-17T19:16:44","date_gmt":"2024-04-17T19:16:44","guid":{"rendered":"https:\/\/afw.com.tr\/?post_type=product&#038;p=4909"},"modified":"2024-04-17T19:16:44","modified_gmt":"2024-04-17T19:16:44","slug":"sudor-sekilli-delgec","status":"publish","type":"product","link":"https:\/\/afw.com.tr\/tr\/urun\/sudor-sekilli-delgec\/","title":{"rendered":"S\u00fcdor \u015eekilli Delge\u00e7"},"content":{"rendered":"<p>S\u00fcdor \u015eekilli Delge\u00e7<\/p>","protected":false},"excerpt":{"rendered":"<p>S\u00fcdor \u015eekilli Delge\u00e7<\/p>","protected":false},"featured_media":4910,"comment_status":"open","ping_status":"closed","template":"","meta":[],"product_cat":[206,192],"product_tag":[207,208],"_links":{"self":[{"href":"https:\/\/afw.com.tr\/tr\/wp-json\/wp\/v2\/product\/4909"}],"collection":[{"href":"https:\/\/afw.com.tr\/tr\/wp-json\/wp\/v2\/product"}],"about":[{"href":"https:\/\/afw.com.tr\/tr\/wp-json\/wp\/v2\/types\/product"}],"replies":[{"embeddable":true,"href":"https:\/\/afw.com.tr\/tr\/wp-json\/wp\/v2\/comments?post=4909"}],"wp:featuredmedia":[{"embeddable":true,"href":"https:\/\/afw.com.tr\/tr\/wp-json\/wp\/v2\/media\/4910"}],"wp:attachment":[{"href":"https:\/\/afw.com.tr\/tr\/wp-json\/wp\/v2\/media?parent=4909"}],"wp:term":[{"taxonomy":"product_cat","embeddable":true,"href":"https:\/\/afw.com.tr\/tr\/wp-json\/wp\/v2\/product_cat?post=4909"},{"taxonomy":"product_tag","embeddable":true,"href":"https:\/\/afw.com.tr\/tr\/wp-json\/wp\/v2\/product_tag?post=4909"}],"curies":[{"name":"wp","href":"https:\/\/api.w.org\/{rel}","templated":true}]}}