{"id":4905,"date":"2024-04-17T19:14:48","date_gmt":"2024-04-17T19:14:48","guid":{"rendered":"https:\/\/afw.com.tr\/?post_type=product&#038;p=4905"},"modified":"2024-04-17T19:14:48","modified_gmt":"2024-04-17T19:14:48","slug":"puti-a4-simli-yapiskanli-eva-10lu-karisik-renk","status":"publish","type":"product","link":"https:\/\/afw.com.tr\/tr\/urun\/puti-a4-simli-yapiskanli-eva-10lu-karisik-renk\/","title":{"rendered":"Puti A4 Simli Yap\u0131\u015fkanl\u0131 Eva 10Lu Kar\u0131\u015f\u0131k Renk"},"content":{"rendered":"<p>Puti A4 Simli Yap\u0131\u015fkanl\u0131 Eva 10Lu Kar\u0131\u015f\u0131k Renk<\/p>","protected":false},"excerpt":{"rendered":"<p>Puti A4 Simli Yap\u0131\u015fkanl\u0131 Eva 10Lu Kar\u0131\u015f\u0131k Renk<\/p>","protected":false},"featured_media":4906,"comment_status":"open","ping_status":"closed","template":"","meta":[],"product_cat":[194,192],"product_tag":[207,208],"_links":{"self":[{"href":"https:\/\/afw.com.tr\/tr\/wp-json\/wp\/v2\/product\/4905"}],"collection":[{"href":"https:\/\/afw.com.tr\/tr\/wp-json\/wp\/v2\/product"}],"about":[{"href":"https:\/\/afw.com.tr\/tr\/wp-json\/wp\/v2\/types\/product"}],"replies":[{"embeddable":true,"href":"https:\/\/afw.com.tr\/tr\/wp-json\/wp\/v2\/comments?post=4905"}],"wp:featuredmedia":[{"embeddable":true,"href":"https:\/\/afw.com.tr\/tr\/wp-json\/wp\/v2\/media\/4906"}],"wp:attachment":[{"href":"https:\/\/afw.com.tr\/tr\/wp-json\/wp\/v2\/media?parent=4905"}],"wp:term":[{"taxonomy":"product_cat","embeddable":true,"href":"https:\/\/afw.com.tr\/tr\/wp-json\/wp\/v2\/product_cat?post=4905"},{"taxonomy":"product_tag","embeddable":true,"href":"https:\/\/afw.com.tr\/tr\/wp-json\/wp\/v2\/product_tag?post=4905"}],"curies":[{"name":"wp","href":"https:\/\/api.w.org\/{rel}","templated":true}]}}