{"id":4903,"date":"2024-04-17T19:14:05","date_gmt":"2024-04-17T19:14:05","guid":{"rendered":"https:\/\/afw.com.tr\/?post_type=product&#038;p=4903"},"modified":"2024-04-17T19:14:06","modified_gmt":"2024-04-17T19:14:06","slug":"pritt-yapistirici-sivi-100ml","status":"publish","type":"product","link":"https:\/\/afw.com.tr\/tr\/urun\/pritt-yapistirici-sivi-100ml\/","title":{"rendered":"Pritt Yap\u0131\u015ft\u0131r\u0131c\u0131 S\u0131v\u0131 100ml"},"content":{"rendered":"<p>Pritt Yap\u0131\u015ft\u0131r\u0131c\u0131 S\u0131v\u0131 100ml<\/p>","protected":false},"excerpt":{"rendered":"<p>Pritt Yap\u0131\u015ft\u0131r\u0131c\u0131 S\u0131v\u0131 100ml<\/p>","protected":false},"featured_media":4904,"comment_status":"open","ping_status":"closed","template":"","meta":[],"product_cat":[206,192],"product_tag":[207,208],"_links":{"self":[{"href":"https:\/\/afw.com.tr\/tr\/wp-json\/wp\/v2\/product\/4903"}],"collection":[{"href":"https:\/\/afw.com.tr\/tr\/wp-json\/wp\/v2\/product"}],"about":[{"href":"https:\/\/afw.com.tr\/tr\/wp-json\/wp\/v2\/types\/product"}],"replies":[{"embeddable":true,"href":"https:\/\/afw.com.tr\/tr\/wp-json\/wp\/v2\/comments?post=4903"}],"wp:featuredmedia":[{"embeddable":true,"href":"https:\/\/afw.com.tr\/tr\/wp-json\/wp\/v2\/media\/4904"}],"wp:attachment":[{"href":"https:\/\/afw.com.tr\/tr\/wp-json\/wp\/v2\/media?parent=4903"}],"wp:term":[{"taxonomy":"product_cat","embeddable":true,"href":"https:\/\/afw.com.tr\/tr\/wp-json\/wp\/v2\/product_cat?post=4903"},{"taxonomy":"product_tag","embeddable":true,"href":"https:\/\/afw.com.tr\/tr\/wp-json\/wp\/v2\/product_tag?post=4903"}],"curies":[{"name":"wp","href":"https:\/\/api.w.org\/{rel}","templated":true}]}}