{"id":4901,"date":"2024-04-17T19:12:13","date_gmt":"2024-04-17T19:12:13","guid":{"rendered":"https:\/\/afw.com.tr\/?post_type=product&#038;p=4901"},"modified":"2024-04-17T19:12:13","modified_gmt":"2024-04-17T19:12:13","slug":"pritt-sulu-boya-buyuk-12li","status":"publish","type":"product","link":"https:\/\/afw.com.tr\/tr\/urun\/pritt-sulu-boya-buyuk-12li\/","title":{"rendered":"Pritt Sulu Boya B\u00fcy\u00fck 12li"},"content":{"rendered":"<p>Pritt Sulu Boya B\u00fcy\u00fck 12li<\/p>","protected":false},"excerpt":{"rendered":"<p>Pritt Sulu Boya B\u00fcy\u00fck 12li<\/p>","protected":false},"featured_media":4902,"comment_status":"open","ping_status":"closed","template":"","meta":[],"product_cat":[195,192],"product_tag":[207,208],"_links":{"self":[{"href":"https:\/\/afw.com.tr\/tr\/wp-json\/wp\/v2\/product\/4901"}],"collection":[{"href":"https:\/\/afw.com.tr\/tr\/wp-json\/wp\/v2\/product"}],"about":[{"href":"https:\/\/afw.com.tr\/tr\/wp-json\/wp\/v2\/types\/product"}],"replies":[{"embeddable":true,"href":"https:\/\/afw.com.tr\/tr\/wp-json\/wp\/v2\/comments?post=4901"}],"wp:featuredmedia":[{"embeddable":true,"href":"https:\/\/afw.com.tr\/tr\/wp-json\/wp\/v2\/media\/4902"}],"wp:attachment":[{"href":"https:\/\/afw.com.tr\/tr\/wp-json\/wp\/v2\/media?parent=4901"}],"wp:term":[{"taxonomy":"product_cat","embeddable":true,"href":"https:\/\/afw.com.tr\/tr\/wp-json\/wp\/v2\/product_cat?post=4901"},{"taxonomy":"product_tag","embeddable":true,"href":"https:\/\/afw.com.tr\/tr\/wp-json\/wp\/v2\/product_tag?post=4901"}],"curies":[{"name":"wp","href":"https:\/\/api.w.org\/{rel}","templated":true}]}}