{"id":4898,"date":"2024-04-15T20:39:04","date_gmt":"2024-04-15T20:39:04","guid":{"rendered":"https:\/\/afw.com.tr\/?post_type=product&#038;p=4898"},"modified":"2024-04-15T20:39:04","modified_gmt":"2024-04-15T20:39:04","slug":"pritt-stick-yapistirici-43gr-22gr","status":"publish","type":"product","link":"https:\/\/afw.com.tr\/tr\/urun\/pritt-stick-yapistirici-43gr-22gr\/","title":{"rendered":"Pritt Stick Yap\u0131\u015ft\u0131r\u0131c\u0131 43gr &#8211; 22gr"},"content":{"rendered":"<p>Pritt Stick Yap\u0131\u015ft\u0131r\u0131c\u0131 43gr &#8211; 22gr<\/p>","protected":false},"excerpt":{"rendered":"<p>Pritt Stick Yap\u0131\u015ft\u0131r\u0131c\u0131 43gr &#8211; 22gr<\/p>","protected":false},"featured_media":4899,"comment_status":"open","ping_status":"closed","template":"","meta":[],"product_cat":[206,192],"product_tag":[207,208],"_links":{"self":[{"href":"https:\/\/afw.com.tr\/tr\/wp-json\/wp\/v2\/product\/4898"}],"collection":[{"href":"https:\/\/afw.com.tr\/tr\/wp-json\/wp\/v2\/product"}],"about":[{"href":"https:\/\/afw.com.tr\/tr\/wp-json\/wp\/v2\/types\/product"}],"replies":[{"embeddable":true,"href":"https:\/\/afw.com.tr\/tr\/wp-json\/wp\/v2\/comments?post=4898"}],"wp:featuredmedia":[{"embeddable":true,"href":"https:\/\/afw.com.tr\/tr\/wp-json\/wp\/v2\/media\/4899"}],"wp:attachment":[{"href":"https:\/\/afw.com.tr\/tr\/wp-json\/wp\/v2\/media?parent=4898"}],"wp:term":[{"taxonomy":"product_cat","embeddable":true,"href":"https:\/\/afw.com.tr\/tr\/wp-json\/wp\/v2\/product_cat?post=4898"},{"taxonomy":"product_tag","embeddable":true,"href":"https:\/\/afw.com.tr\/tr\/wp-json\/wp\/v2\/product_tag?post=4898"}],"curies":[{"name":"wp","href":"https:\/\/api.w.org\/{rel}","templated":true}]}}