{"id":4896,"date":"2024-04-15T20:38:28","date_gmt":"2024-04-15T20:38:28","guid":{"rendered":"https:\/\/afw.com.tr\/?post_type=product&#038;p=4896"},"modified":"2025-06-06T17:29:29","modified_gmt":"2025-06-06T17:29:29","slug":"pritt-sivi-yapistirici-90gr-20gr-tup-solventsiz","status":"publish","type":"product","link":"https:\/\/afw.com.tr\/tr\/urun\/pritt-sivi-yapistirici-90gr-20gr-tup-solventsiz\/","title":{"rendered":"Pritt S\u0131v\u0131 Yap\u0131\u015ft\u0131r\u0131c\u0131 90gr &#8211; 20gr T\u00fcp  Solventsiz"},"content":{"rendered":"<p>Pritt S\u0131v\u0131 Yap\u0131\u015ft\u0131r\u0131c\u0131 90gr &#8211; 20gr T\u00fcp Solventsiz<\/p>","protected":false},"excerpt":{"rendered":"<p>Pritt S\u0131v\u0131 Yap\u0131\u015ft\u0131r\u0131c\u0131 90gr &#8211; 20gr T\u00fcp Solventsiz<\/p>","protected":false},"featured_media":4897,"comment_status":"open","ping_status":"closed","template":"","meta":[],"product_cat":[206,192],"product_tag":[207,208],"_links":{"self":[{"href":"https:\/\/afw.com.tr\/tr\/wp-json\/wp\/v2\/product\/4896"}],"collection":[{"href":"https:\/\/afw.com.tr\/tr\/wp-json\/wp\/v2\/product"}],"about":[{"href":"https:\/\/afw.com.tr\/tr\/wp-json\/wp\/v2\/types\/product"}],"replies":[{"embeddable":true,"href":"https:\/\/afw.com.tr\/tr\/wp-json\/wp\/v2\/comments?post=4896"}],"wp:featuredmedia":[{"embeddable":true,"href":"https:\/\/afw.com.tr\/tr\/wp-json\/wp\/v2\/media\/4897"}],"wp:attachment":[{"href":"https:\/\/afw.com.tr\/tr\/wp-json\/wp\/v2\/media?parent=4896"}],"wp:term":[{"taxonomy":"product_cat","embeddable":true,"href":"https:\/\/afw.com.tr\/tr\/wp-json\/wp\/v2\/product_cat?post=4896"},{"taxonomy":"product_tag","embeddable":true,"href":"https:\/\/afw.com.tr\/tr\/wp-json\/wp\/v2\/product_tag?post=4896"}],"curies":[{"name":"wp","href":"https:\/\/api.w.org\/{rel}","templated":true}]}}