{"id":4890,"date":"2024-04-15T20:36:36","date_gmt":"2024-04-15T20:36:36","guid":{"rendered":"https:\/\/afw.com.tr\/?post_type=product&#038;p=4890"},"modified":"2024-04-15T20:36:37","modified_gmt":"2024-04-15T20:36:37","slug":"pritt-jumbo-ucgen-kuru-boya-kalem-12li","status":"publish","type":"product","link":"https:\/\/afw.com.tr\/tr\/urun\/pritt-jumbo-ucgen-kuru-boya-kalem-12li\/","title":{"rendered":"Pritt Jumbo \u00dc\u00e7gen Kuru Boya Kalem 12&#8217;li"},"content":{"rendered":"<p>Pritt Jumbo \u00dc\u00e7gen Kuru Boya Kalem 12&#8217;li<\/p>","protected":false},"excerpt":{"rendered":"<p>Pritt Jumbo \u00dc\u00e7gen Kuru Boya Kalem 12&#8217;li<\/p>","protected":false},"featured_media":4891,"comment_status":"open","ping_status":"closed","template":"","meta":[],"product_cat":[195,192],"product_tag":[207,208],"_links":{"self":[{"href":"https:\/\/afw.com.tr\/tr\/wp-json\/wp\/v2\/product\/4890"}],"collection":[{"href":"https:\/\/afw.com.tr\/tr\/wp-json\/wp\/v2\/product"}],"about":[{"href":"https:\/\/afw.com.tr\/tr\/wp-json\/wp\/v2\/types\/product"}],"replies":[{"embeddable":true,"href":"https:\/\/afw.com.tr\/tr\/wp-json\/wp\/v2\/comments?post=4890"}],"wp:featuredmedia":[{"embeddable":true,"href":"https:\/\/afw.com.tr\/tr\/wp-json\/wp\/v2\/media\/4891"}],"wp:attachment":[{"href":"https:\/\/afw.com.tr\/tr\/wp-json\/wp\/v2\/media?parent=4890"}],"wp:term":[{"taxonomy":"product_cat","embeddable":true,"href":"https:\/\/afw.com.tr\/tr\/wp-json\/wp\/v2\/product_cat?post=4890"},{"taxonomy":"product_tag","embeddable":true,"href":"https:\/\/afw.com.tr\/tr\/wp-json\/wp\/v2\/product_tag?post=4890"}],"curies":[{"name":"wp","href":"https:\/\/api.w.org\/{rel}","templated":true}]}}