{"id":4888,"date":"2024-04-15T20:36:06","date_gmt":"2024-04-15T20:36:06","guid":{"rendered":"https:\/\/afw.com.tr\/?post_type=product&#038;p=4888"},"modified":"2024-04-15T20:36:06","modified_gmt":"2024-04-15T20:36:06","slug":"pritt-cift-uclu-keceli-kalem-12li","status":"publish","type":"product","link":"https:\/\/afw.com.tr\/tr\/urun\/pritt-cift-uclu-keceli-kalem-12li\/","title":{"rendered":"Pritt \u00c7ift U\u00e7lu Ke\u00e7eli Kalem 12&#8217;li"},"content":{"rendered":"<p>Pritt \u00c7ift U\u00e7lu Ke\u00e7eli Kalem 12&#8217;li<\/p>","protected":false},"excerpt":{"rendered":"<p>Pritt \u00c7ift U\u00e7lu Ke\u00e7eli Kalem 12&#8217;li<\/p>","protected":false},"featured_media":4889,"comment_status":"open","ping_status":"closed","template":"","meta":[],"product_cat":[195,192],"product_tag":[207,208],"_links":{"self":[{"href":"https:\/\/afw.com.tr\/tr\/wp-json\/wp\/v2\/product\/4888"}],"collection":[{"href":"https:\/\/afw.com.tr\/tr\/wp-json\/wp\/v2\/product"}],"about":[{"href":"https:\/\/afw.com.tr\/tr\/wp-json\/wp\/v2\/types\/product"}],"replies":[{"embeddable":true,"href":"https:\/\/afw.com.tr\/tr\/wp-json\/wp\/v2\/comments?post=4888"}],"wp:featuredmedia":[{"embeddable":true,"href":"https:\/\/afw.com.tr\/tr\/wp-json\/wp\/v2\/media\/4889"}],"wp:attachment":[{"href":"https:\/\/afw.com.tr\/tr\/wp-json\/wp\/v2\/media?parent=4888"}],"wp:term":[{"taxonomy":"product_cat","embeddable":true,"href":"https:\/\/afw.com.tr\/tr\/wp-json\/wp\/v2\/product_cat?post=4888"},{"taxonomy":"product_tag","embeddable":true,"href":"https:\/\/afw.com.tr\/tr\/wp-json\/wp\/v2\/product_tag?post=4888"}],"curies":[{"name":"wp","href":"https:\/\/api.w.org\/{rel}","templated":true}]}}