{"id":4886,"date":"2024-04-15T20:35:36","date_gmt":"2024-04-15T20:35:36","guid":{"rendered":"https:\/\/afw.com.tr\/?post_type=product&#038;p=4886"},"modified":"2024-04-15T20:35:36","modified_gmt":"2024-04-15T20:35:36","slug":"pritt-beyaz-tutkal-yapistirici-110-gr","status":"publish","type":"product","link":"https:\/\/afw.com.tr\/tr\/urun\/pritt-beyaz-tutkal-yapistirici-110-gr\/","title":{"rendered":"Pritt Beyaz Tutkal Yap\u0131\u015ft\u0131r\u0131c\u0131 110 Gr"},"content":{"rendered":"<p>Pritt Beyaz Tutkal Yap\u0131\u015ft\u0131r\u0131c\u0131 110 Gr<\/p>","protected":false},"excerpt":{"rendered":"<p>Pritt Beyaz Tutkal Yap\u0131\u015ft\u0131r\u0131c\u0131 110 Gr<\/p>","protected":false},"featured_media":4887,"comment_status":"open","ping_status":"closed","template":"","meta":[],"product_cat":[206,192],"product_tag":[207,208],"_links":{"self":[{"href":"https:\/\/afw.com.tr\/tr\/wp-json\/wp\/v2\/product\/4886"}],"collection":[{"href":"https:\/\/afw.com.tr\/tr\/wp-json\/wp\/v2\/product"}],"about":[{"href":"https:\/\/afw.com.tr\/tr\/wp-json\/wp\/v2\/types\/product"}],"replies":[{"embeddable":true,"href":"https:\/\/afw.com.tr\/tr\/wp-json\/wp\/v2\/comments?post=4886"}],"wp:featuredmedia":[{"embeddable":true,"href":"https:\/\/afw.com.tr\/tr\/wp-json\/wp\/v2\/media\/4887"}],"wp:attachment":[{"href":"https:\/\/afw.com.tr\/tr\/wp-json\/wp\/v2\/media?parent=4886"}],"wp:term":[{"taxonomy":"product_cat","embeddable":true,"href":"https:\/\/afw.com.tr\/tr\/wp-json\/wp\/v2\/product_cat?post=4886"},{"taxonomy":"product_tag","embeddable":true,"href":"https:\/\/afw.com.tr\/tr\/wp-json\/wp\/v2\/product_tag?post=4886"}],"curies":[{"name":"wp","href":"https:\/\/api.w.org\/{rel}","templated":true}]}}