{"id":4874,"date":"2024-04-15T20:31:23","date_gmt":"2024-04-15T20:31:23","guid":{"rendered":"https:\/\/afw.com.tr\/?post_type=product&#038;p=4874"},"modified":"2024-04-15T20:31:23","modified_gmt":"2024-04-15T20:31:23","slug":"nova-color-yapiskanli-eva-20x30-cm-10-renk","status":"publish","type":"product","link":"https:\/\/afw.com.tr\/tr\/urun\/nova-color-yapiskanli-eva-20x30-cm-10-renk\/","title":{"rendered":"Nova Color Yap\u0131\u015fkanl\u0131 Eva 20&#215;30 cm 10 Renk"},"content":{"rendered":"<p>Nova Color Yap\u0131\u015fkanl\u0131 Eva 20&#215;30 cm 10 Renk<\/p>","protected":false},"excerpt":{"rendered":"<p>Nova Color Yap\u0131\u015fkanl\u0131 Eva 20&#215;30 cm 10 Renk<\/p>","protected":false},"featured_media":4875,"comment_status":"open","ping_status":"closed","template":"","meta":[],"product_cat":[194,192],"product_tag":[207,208],"_links":{"self":[{"href":"https:\/\/afw.com.tr\/tr\/wp-json\/wp\/v2\/product\/4874"}],"collection":[{"href":"https:\/\/afw.com.tr\/tr\/wp-json\/wp\/v2\/product"}],"about":[{"href":"https:\/\/afw.com.tr\/tr\/wp-json\/wp\/v2\/types\/product"}],"replies":[{"embeddable":true,"href":"https:\/\/afw.com.tr\/tr\/wp-json\/wp\/v2\/comments?post=4874"}],"wp:featuredmedia":[{"embeddable":true,"href":"https:\/\/afw.com.tr\/tr\/wp-json\/wp\/v2\/media\/4875"}],"wp:attachment":[{"href":"https:\/\/afw.com.tr\/tr\/wp-json\/wp\/v2\/media?parent=4874"}],"wp:term":[{"taxonomy":"product_cat","embeddable":true,"href":"https:\/\/afw.com.tr\/tr\/wp-json\/wp\/v2\/product_cat?post=4874"},{"taxonomy":"product_tag","embeddable":true,"href":"https:\/\/afw.com.tr\/tr\/wp-json\/wp\/v2\/product_tag?post=4874"}],"curies":[{"name":"wp","href":"https:\/\/api.w.org\/{rel}","templated":true}]}}