{"id":4872,"date":"2024-04-15T20:30:47","date_gmt":"2024-04-15T20:30:47","guid":{"rendered":"https:\/\/afw.com.tr\/?post_type=product&#038;p=4872"},"modified":"2024-04-15T20:30:48","modified_gmt":"2024-04-15T20:30:48","slug":"mas-plastik-4lu-mix-set-renkli","status":"publish","type":"product","link":"https:\/\/afw.com.tr\/tr\/urun\/mas-plastik-4lu-mix-set-renkli\/","title":{"rendered":"Mas Plastik 4&#8217;l\u00fc Mix Set Renkli"},"content":{"rendered":"<p>Renkli Ata\u015f &#8211; Renkli Dev Ata\u015f &#8211; Renkli Raptiye &#8211; Renkli Harita \u00c7ivisi<\/p>","protected":false},"excerpt":{"rendered":"<p>Renkli Ata\u015f &#8211; Renkli Dev Ata\u015f &#8211; Renkli Raptiye &#8211; Renkli Harita \u00c7ivisi<\/p>","protected":false},"featured_media":4873,"comment_status":"open","ping_status":"closed","template":"","meta":[],"product_cat":[206,192],"product_tag":[207,208],"_links":{"self":[{"href":"https:\/\/afw.com.tr\/tr\/wp-json\/wp\/v2\/product\/4872"}],"collection":[{"href":"https:\/\/afw.com.tr\/tr\/wp-json\/wp\/v2\/product"}],"about":[{"href":"https:\/\/afw.com.tr\/tr\/wp-json\/wp\/v2\/types\/product"}],"replies":[{"embeddable":true,"href":"https:\/\/afw.com.tr\/tr\/wp-json\/wp\/v2\/comments?post=4872"}],"wp:featuredmedia":[{"embeddable":true,"href":"https:\/\/afw.com.tr\/tr\/wp-json\/wp\/v2\/media\/4873"}],"wp:attachment":[{"href":"https:\/\/afw.com.tr\/tr\/wp-json\/wp\/v2\/media?parent=4872"}],"wp:term":[{"taxonomy":"product_cat","embeddable":true,"href":"https:\/\/afw.com.tr\/tr\/wp-json\/wp\/v2\/product_cat?post=4872"},{"taxonomy":"product_tag","embeddable":true,"href":"https:\/\/afw.com.tr\/tr\/wp-json\/wp\/v2\/product_tag?post=4872"}],"curies":[{"name":"wp","href":"https:\/\/api.w.org\/{rel}","templated":true}]}}