{"id":4868,"date":"2024-04-15T20:29:17","date_gmt":"2024-04-15T20:29:17","guid":{"rendered":"https:\/\/afw.com.tr\/?post_type=product&#038;p=4868"},"modified":"2024-04-15T20:29:17","modified_gmt":"2024-04-15T20:29:17","slug":"krapon-kagidi-10lu-karisik-renkli-set","status":"publish","type":"product","link":"https:\/\/afw.com.tr\/tr\/urun\/krapon-kagidi-10lu-karisik-renkli-set\/","title":{"rendered":"Krapon Ka\u011f\u0131d\u0131 10&#8217;Lu Kar\u0131\u015f\u0131k Renkli Set"},"content":{"rendered":"<p>Krapon Ka\u011f\u0131d\u0131 10&#8217;Lu Kar\u0131\u015f\u0131k Renkli Set<\/p>","protected":false},"excerpt":{"rendered":"<p>Krapon Ka\u011f\u0131d\u0131 10&#8217;Lu Kar\u0131\u015f\u0131k Renkli Set<\/p>","protected":false},"featured_media":4869,"comment_status":"open","ping_status":"closed","template":"","meta":[],"product_cat":[194,192],"product_tag":[207,208],"_links":{"self":[{"href":"https:\/\/afw.com.tr\/tr\/wp-json\/wp\/v2\/product\/4868"}],"collection":[{"href":"https:\/\/afw.com.tr\/tr\/wp-json\/wp\/v2\/product"}],"about":[{"href":"https:\/\/afw.com.tr\/tr\/wp-json\/wp\/v2\/types\/product"}],"replies":[{"embeddable":true,"href":"https:\/\/afw.com.tr\/tr\/wp-json\/wp\/v2\/comments?post=4868"}],"wp:featuredmedia":[{"embeddable":true,"href":"https:\/\/afw.com.tr\/tr\/wp-json\/wp\/v2\/media\/4869"}],"wp:attachment":[{"href":"https:\/\/afw.com.tr\/tr\/wp-json\/wp\/v2\/media?parent=4868"}],"wp:term":[{"taxonomy":"product_cat","embeddable":true,"href":"https:\/\/afw.com.tr\/tr\/wp-json\/wp\/v2\/product_cat?post=4868"},{"taxonomy":"product_tag","embeddable":true,"href":"https:\/\/afw.com.tr\/tr\/wp-json\/wp\/v2\/product_tag?post=4868"}],"curies":[{"name":"wp","href":"https:\/\/api.w.org\/{rel}","templated":true}]}}