{"id":4866,"date":"2024-04-15T20:28:11","date_gmt":"2024-04-15T20:28:11","guid":{"rendered":"https:\/\/afw.com.tr\/?post_type=product&#038;p=4866"},"modified":"2024-04-15T20:28:11","modified_gmt":"2024-04-15T20:28:11","slug":"jovi-guaj-boya-sise-500ml","status":"publish","type":"product","link":"https:\/\/afw.com.tr\/tr\/urun\/jovi-guaj-boya-sise-500ml\/","title":{"rendered":"Jovi Guaj Boya \u015ei\u015fe 500ml"},"content":{"rendered":"<p>Jovi Guaj Boya \u015ei\u015fe 500ml<\/p>","protected":false},"excerpt":{"rendered":"<p>Jovi Guaj Boya \u015ei\u015fe 500ml<\/p>","protected":false},"featured_media":4867,"comment_status":"open","ping_status":"closed","template":"","meta":[],"product_cat":[195,192],"product_tag":[207,208],"_links":{"self":[{"href":"https:\/\/afw.com.tr\/tr\/wp-json\/wp\/v2\/product\/4866"}],"collection":[{"href":"https:\/\/afw.com.tr\/tr\/wp-json\/wp\/v2\/product"}],"about":[{"href":"https:\/\/afw.com.tr\/tr\/wp-json\/wp\/v2\/types\/product"}],"replies":[{"embeddable":true,"href":"https:\/\/afw.com.tr\/tr\/wp-json\/wp\/v2\/comments?post=4866"}],"wp:featuredmedia":[{"embeddable":true,"href":"https:\/\/afw.com.tr\/tr\/wp-json\/wp\/v2\/media\/4867"}],"wp:attachment":[{"href":"https:\/\/afw.com.tr\/tr\/wp-json\/wp\/v2\/media?parent=4866"}],"wp:term":[{"taxonomy":"product_cat","embeddable":true,"href":"https:\/\/afw.com.tr\/tr\/wp-json\/wp\/v2\/product_cat?post=4866"},{"taxonomy":"product_tag","embeddable":true,"href":"https:\/\/afw.com.tr\/tr\/wp-json\/wp\/v2\/product_tag?post=4866"}],"curies":[{"name":"wp","href":"https:\/\/api.w.org\/{rel}","templated":true}]}}