{"id":4824,"date":"2024-04-15T19:50:29","date_gmt":"2024-04-15T19:50:29","guid":{"rendered":"https:\/\/afw.com.tr\/?post_type=product&#038;p=4824"},"modified":"2024-04-15T19:50:30","modified_gmt":"2024-04-15T19:50:30","slug":"3a-elisi-kagidi-10lu","status":"publish","type":"product","link":"https:\/\/afw.com.tr\/tr\/urun\/3a-elisi-kagidi-10lu\/","title":{"rendered":"3A Eli\u015fi Ka\u011f\u0131d\u0131 10&#8217;lu"},"content":{"rendered":"<p>3A Eli\u015fi Ka\u011f\u0131d\u0131 10&#8217;lu<\/p>","protected":false},"excerpt":{"rendered":"<p>3A Eli\u015fi Ka\u011f\u0131d\u0131 10&#8217;lu<\/p>","protected":false},"featured_media":4825,"comment_status":"open","ping_status":"closed","template":"","meta":[],"product_cat":[194,192],"product_tag":[207,208],"_links":{"self":[{"href":"https:\/\/afw.com.tr\/tr\/wp-json\/wp\/v2\/product\/4824"}],"collection":[{"href":"https:\/\/afw.com.tr\/tr\/wp-json\/wp\/v2\/product"}],"about":[{"href":"https:\/\/afw.com.tr\/tr\/wp-json\/wp\/v2\/types\/product"}],"replies":[{"embeddable":true,"href":"https:\/\/afw.com.tr\/tr\/wp-json\/wp\/v2\/comments?post=4824"}],"wp:featuredmedia":[{"embeddable":true,"href":"https:\/\/afw.com.tr\/tr\/wp-json\/wp\/v2\/media\/4825"}],"wp:attachment":[{"href":"https:\/\/afw.com.tr\/tr\/wp-json\/wp\/v2\/media?parent=4824"}],"wp:term":[{"taxonomy":"product_cat","embeddable":true,"href":"https:\/\/afw.com.tr\/tr\/wp-json\/wp\/v2\/product_cat?post=4824"},{"taxonomy":"product_tag","embeddable":true,"href":"https:\/\/afw.com.tr\/tr\/wp-json\/wp\/v2\/product_tag?post=4824"}],"curies":[{"name":"wp","href":"https:\/\/api.w.org\/{rel}","templated":true}]}}