{"id":4818,"date":"2024-04-09T07:45:06","date_gmt":"2024-04-09T07:45:06","guid":{"rendered":"https:\/\/afw.com.tr\/?post_type=product&#038;p=4818"},"modified":"2024-04-09T07:45:06","modified_gmt":"2024-04-09T07:45:06","slug":"golf-sopasi-renkli-yetiskin-sag-sol-uyumlu","status":"publish","type":"product","link":"https:\/\/afw.com.tr\/tr\/urun\/golf-sopasi-renkli-yetiskin-sag-sol-uyumlu\/","title":{"rendered":"Golf Sopas\u0131 Renkli (Yeti\u015fkin) Sa\u011f-Sol Uyumlu"},"content":{"rendered":"<p>Golf Sopas\u0131 Renkli (Yeti\u015fkin) Sa\u011f-Sol Uyumlu<\/p>","protected":false},"excerpt":{"rendered":"<p>Golf Sopas\u0131 Renkli (Yeti\u015fkin) Sa\u011f-Sol Uyumlu<\/p>","protected":false},"featured_media":4819,"comment_status":"open","ping_status":"closed","template":"","meta":[],"product_cat":[184,43],"product_tag":[205,141],"_links":{"self":[{"href":"https:\/\/afw.com.tr\/tr\/wp-json\/wp\/v2\/product\/4818"}],"collection":[{"href":"https:\/\/afw.com.tr\/tr\/wp-json\/wp\/v2\/product"}],"about":[{"href":"https:\/\/afw.com.tr\/tr\/wp-json\/wp\/v2\/types\/product"}],"replies":[{"embeddable":true,"href":"https:\/\/afw.com.tr\/tr\/wp-json\/wp\/v2\/comments?post=4818"}],"wp:featuredmedia":[{"embeddable":true,"href":"https:\/\/afw.com.tr\/tr\/wp-json\/wp\/v2\/media\/4819"}],"wp:attachment":[{"href":"https:\/\/afw.com.tr\/tr\/wp-json\/wp\/v2\/media?parent=4818"}],"wp:term":[{"taxonomy":"product_cat","embeddable":true,"href":"https:\/\/afw.com.tr\/tr\/wp-json\/wp\/v2\/product_cat?post=4818"},{"taxonomy":"product_tag","embeddable":true,"href":"https:\/\/afw.com.tr\/tr\/wp-json\/wp\/v2\/product_tag?post=4818"}],"curies":[{"name":"wp","href":"https:\/\/api.w.org\/{rel}","templated":true}]}}