{"id":4814,"date":"2024-04-09T07:25:15","date_gmt":"2024-04-09T07:25:15","guid":{"rendered":"https:\/\/afw.com.tr\/?post_type=product&#038;p=4814"},"modified":"2025-05-31T23:00:50","modified_gmt":"2025-05-31T23:00:50","slug":"neon-isikli-party-gozluk-beyaz-mavi-turuncu-yesil","status":"publish","type":"product","link":"https:\/\/afw.com.tr\/tr\/urun\/neon-isikli-party-gozluk-beyaz-mavi-turuncu-yesil\/","title":{"rendered":"Neon I\u015f\u0131kl\u0131 Party G\u00f6zl\u00fck Beyaz-Mavi-Turuncu-Ye\u015fil"},"content":{"rendered":"<p>Neon I\u015f\u0131kl\u0131 Party G\u00f6zl\u00fck Beyaz-Mavi-Turuncu-Ye\u015fil<\/p>","protected":false},"excerpt":{"rendered":"<p>Neon I\u015f\u0131kl\u0131 Party G\u00f6zl\u00fck Beyaz-Mavi-Turuncu-Ye\u015fil<\/p>","protected":false},"featured_media":4815,"comment_status":"open","ping_status":"closed","template":"","meta":[],"product_cat":[78],"product_tag":[118,82],"_links":{"self":[{"href":"https:\/\/afw.com.tr\/tr\/wp-json\/wp\/v2\/product\/4814"}],"collection":[{"href":"https:\/\/afw.com.tr\/tr\/wp-json\/wp\/v2\/product"}],"about":[{"href":"https:\/\/afw.com.tr\/tr\/wp-json\/wp\/v2\/types\/product"}],"replies":[{"embeddable":true,"href":"https:\/\/afw.com.tr\/tr\/wp-json\/wp\/v2\/comments?post=4814"}],"wp:featuredmedia":[{"embeddable":true,"href":"https:\/\/afw.com.tr\/tr\/wp-json\/wp\/v2\/media\/4815"}],"wp:attachment":[{"href":"https:\/\/afw.com.tr\/tr\/wp-json\/wp\/v2\/media?parent=4814"}],"wp:term":[{"taxonomy":"product_cat","embeddable":true,"href":"https:\/\/afw.com.tr\/tr\/wp-json\/wp\/v2\/product_cat?post=4814"},{"taxonomy":"product_tag","embeddable":true,"href":"https:\/\/afw.com.tr\/tr\/wp-json\/wp\/v2\/product_tag?post=4814"}],"curies":[{"name":"wp","href":"https:\/\/api.w.org\/{rel}","templated":true}]}}