{"id":4796,"date":"2024-04-08T12:18:04","date_gmt":"2024-04-08T12:18:04","guid":{"rendered":"https:\/\/afw.com.tr\/?post_type=product&#038;p=4796"},"modified":"2024-04-08T12:18:05","modified_gmt":"2024-04-08T12:18:05","slug":"widmann-buyucu-rasta-peruk","status":"publish","type":"product","link":"https:\/\/afw.com.tr\/tr\/urun\/widmann-buyucu-rasta-peruk\/","title":{"rendered":"Widmann B\u00fcy\u00fcc\u00fc Rasta Peruk"},"content":{"rendered":"<p>Widmann B\u00fcy\u00fcc\u00fc Rasta Peruk<\/p>","protected":false},"excerpt":{"rendered":"<p>Widmann B\u00fcy\u00fcc\u00fc Rasta Peruk<\/p>","protected":false},"featured_media":4797,"comment_status":"open","ping_status":"closed","template":"","meta":[],"product_cat":[78,185],"product_tag":[82,202,203],"_links":{"self":[{"href":"https:\/\/afw.com.tr\/tr\/wp-json\/wp\/v2\/product\/4796"}],"collection":[{"href":"https:\/\/afw.com.tr\/tr\/wp-json\/wp\/v2\/product"}],"about":[{"href":"https:\/\/afw.com.tr\/tr\/wp-json\/wp\/v2\/types\/product"}],"replies":[{"embeddable":true,"href":"https:\/\/afw.com.tr\/tr\/wp-json\/wp\/v2\/comments?post=4796"}],"wp:featuredmedia":[{"embeddable":true,"href":"https:\/\/afw.com.tr\/tr\/wp-json\/wp\/v2\/media\/4797"}],"wp:attachment":[{"href":"https:\/\/afw.com.tr\/tr\/wp-json\/wp\/v2\/media?parent=4796"}],"wp:term":[{"taxonomy":"product_cat","embeddable":true,"href":"https:\/\/afw.com.tr\/tr\/wp-json\/wp\/v2\/product_cat?post=4796"},{"taxonomy":"product_tag","embeddable":true,"href":"https:\/\/afw.com.tr\/tr\/wp-json\/wp\/v2\/product_tag?post=4796"}],"curies":[{"name":"wp","href":"https:\/\/api.w.org\/{rel}","templated":true}]}}