{"id":4792,"date":"2024-04-08T12:15:46","date_gmt":"2024-04-08T12:15:46","guid":{"rendered":"https:\/\/afw.com.tr\/?post_type=product&#038;p=4792"},"modified":"2024-04-08T12:15:46","modified_gmt":"2024-04-08T12:15:46","slug":"widmann-peruk-queen-von-misir","status":"publish","type":"product","link":"https:\/\/afw.com.tr\/tr\/urun\/widmann-peruk-queen-von-misir\/","title":{"rendered":"Widmann Peruk Queen von M\u0131s\u0131r"},"content":{"rendered":"<p>Widmann Peruk Queen von M\u0131s\u0131r<\/p>","protected":false},"excerpt":{"rendered":"<p>Widmann Peruk Queen von M\u0131s\u0131r<\/p>","protected":false},"featured_media":4793,"comment_status":"open","ping_status":"closed","template":"","meta":[],"product_cat":[78,185],"product_tag":[82,202,203],"_links":{"self":[{"href":"https:\/\/afw.com.tr\/tr\/wp-json\/wp\/v2\/product\/4792"}],"collection":[{"href":"https:\/\/afw.com.tr\/tr\/wp-json\/wp\/v2\/product"}],"about":[{"href":"https:\/\/afw.com.tr\/tr\/wp-json\/wp\/v2\/types\/product"}],"replies":[{"embeddable":true,"href":"https:\/\/afw.com.tr\/tr\/wp-json\/wp\/v2\/comments?post=4792"}],"wp:featuredmedia":[{"embeddable":true,"href":"https:\/\/afw.com.tr\/tr\/wp-json\/wp\/v2\/media\/4793"}],"wp:attachment":[{"href":"https:\/\/afw.com.tr\/tr\/wp-json\/wp\/v2\/media?parent=4792"}],"wp:term":[{"taxonomy":"product_cat","embeddable":true,"href":"https:\/\/afw.com.tr\/tr\/wp-json\/wp\/v2\/product_cat?post=4792"},{"taxonomy":"product_tag","embeddable":true,"href":"https:\/\/afw.com.tr\/tr\/wp-json\/wp\/v2\/product_tag?post=4792"}],"curies":[{"name":"wp","href":"https:\/\/api.w.org\/{rel}","templated":true}]}}