{"id":4790,"date":"2024-04-08T12:15:01","date_gmt":"2024-04-08T12:15:01","guid":{"rendered":"https:\/\/afw.com.tr\/?post_type=product&#038;p=4790"},"modified":"2024-04-08T12:15:01","modified_gmt":"2024-04-08T12:15:01","slug":"turuncu-renk-uzun-duz-parti-perugu","status":"publish","type":"product","link":"https:\/\/afw.com.tr\/tr\/urun\/turuncu-renk-uzun-duz-parti-perugu\/","title":{"rendered":"Turuncu Renk Uzun D\u00fcz Parti Peru\u011fu"},"content":{"rendered":"<p>Turuncu Renk Uzun D\u00fcz Parti Peru\u011fu<\/p>","protected":false},"excerpt":{"rendered":"<p>Turuncu Renk Uzun D\u00fcz Parti Peru\u011fu<\/p>","protected":false},"featured_media":4791,"comment_status":"open","ping_status":"closed","template":"","meta":[],"product_cat":[78,185],"product_tag":[82,202,203],"_links":{"self":[{"href":"https:\/\/afw.com.tr\/tr\/wp-json\/wp\/v2\/product\/4790"}],"collection":[{"href":"https:\/\/afw.com.tr\/tr\/wp-json\/wp\/v2\/product"}],"about":[{"href":"https:\/\/afw.com.tr\/tr\/wp-json\/wp\/v2\/types\/product"}],"replies":[{"embeddable":true,"href":"https:\/\/afw.com.tr\/tr\/wp-json\/wp\/v2\/comments?post=4790"}],"wp:featuredmedia":[{"embeddable":true,"href":"https:\/\/afw.com.tr\/tr\/wp-json\/wp\/v2\/media\/4791"}],"wp:attachment":[{"href":"https:\/\/afw.com.tr\/tr\/wp-json\/wp\/v2\/media?parent=4790"}],"wp:term":[{"taxonomy":"product_cat","embeddable":true,"href":"https:\/\/afw.com.tr\/tr\/wp-json\/wp\/v2\/product_cat?post=4790"},{"taxonomy":"product_tag","embeddable":true,"href":"https:\/\/afw.com.tr\/tr\/wp-json\/wp\/v2\/product_tag?post=4790"}],"curies":[{"name":"wp","href":"https:\/\/api.w.org\/{rel}","templated":true}]}}