{"id":4788,"date":"2024-04-08T12:14:20","date_gmt":"2024-04-08T12:14:20","guid":{"rendered":"https:\/\/afw.com.tr\/?post_type=product&#038;p=4788"},"modified":"2025-05-31T09:43:07","modified_gmt":"2025-05-31T09:43:07","slug":"smiffys-peruk-uzun-kahkullu","status":"publish","type":"product","link":"https:\/\/afw.com.tr\/tr\/urun\/smiffys-peruk-uzun-kahkullu\/","title":{"rendered":"Smiffys Peruk Uzun Kahk\u00fcll\u00fc"},"content":{"rendered":"<p>Smiffys Peruk Uzun Kahk\u00fcll\u00fc<\/p>","protected":false},"excerpt":{"rendered":"<p>Smiffys Peruk Uzun Kahk\u00fcll\u00fc<\/p>","protected":false},"featured_media":4789,"comment_status":"open","ping_status":"closed","template":"","meta":[],"product_cat":[78,185],"product_tag":[82,202,203],"_links":{"self":[{"href":"https:\/\/afw.com.tr\/tr\/wp-json\/wp\/v2\/product\/4788"}],"collection":[{"href":"https:\/\/afw.com.tr\/tr\/wp-json\/wp\/v2\/product"}],"about":[{"href":"https:\/\/afw.com.tr\/tr\/wp-json\/wp\/v2\/types\/product"}],"replies":[{"embeddable":true,"href":"https:\/\/afw.com.tr\/tr\/wp-json\/wp\/v2\/comments?post=4788"}],"wp:featuredmedia":[{"embeddable":true,"href":"https:\/\/afw.com.tr\/tr\/wp-json\/wp\/v2\/media\/4789"}],"wp:attachment":[{"href":"https:\/\/afw.com.tr\/tr\/wp-json\/wp\/v2\/media?parent=4788"}],"wp:term":[{"taxonomy":"product_cat","embeddable":true,"href":"https:\/\/afw.com.tr\/tr\/wp-json\/wp\/v2\/product_cat?post=4788"},{"taxonomy":"product_tag","embeddable":true,"href":"https:\/\/afw.com.tr\/tr\/wp-json\/wp\/v2\/product_tag?post=4788"}],"curies":[{"name":"wp","href":"https:\/\/api.w.org\/{rel}","templated":true}]}}