{"id":4784,"date":"2024-04-08T12:00:31","date_gmt":"2024-04-08T12:00:31","guid":{"rendered":"https:\/\/afw.com.tr\/?post_type=product&#038;p=4784"},"modified":"2025-06-06T07:34:49","modified_gmt":"2025-06-06T07:34:49","slug":"smiffys-kizilderili-peruk","status":"publish","type":"product","link":"https:\/\/afw.com.tr\/tr\/urun\/smiffys-kizilderili-peruk\/","title":{"rendered":"Smiffys K\u0131z\u0131lderili Peruk"},"content":{"rendered":"<p>Smiffys K\u0131z\u0131lderili Peruk<\/p>","protected":false},"excerpt":{"rendered":"<p>Smiffys K\u0131z\u0131lderili Peruk<\/p>","protected":false},"featured_media":4785,"comment_status":"open","ping_status":"closed","template":"","meta":[],"product_cat":[78,185],"product_tag":[82,202,203],"_links":{"self":[{"href":"https:\/\/afw.com.tr\/tr\/wp-json\/wp\/v2\/product\/4784"}],"collection":[{"href":"https:\/\/afw.com.tr\/tr\/wp-json\/wp\/v2\/product"}],"about":[{"href":"https:\/\/afw.com.tr\/tr\/wp-json\/wp\/v2\/types\/product"}],"replies":[{"embeddable":true,"href":"https:\/\/afw.com.tr\/tr\/wp-json\/wp\/v2\/comments?post=4784"}],"wp:featuredmedia":[{"embeddable":true,"href":"https:\/\/afw.com.tr\/tr\/wp-json\/wp\/v2\/media\/4785"}],"wp:attachment":[{"href":"https:\/\/afw.com.tr\/tr\/wp-json\/wp\/v2\/media?parent=4784"}],"wp:term":[{"taxonomy":"product_cat","embeddable":true,"href":"https:\/\/afw.com.tr\/tr\/wp-json\/wp\/v2\/product_cat?post=4784"},{"taxonomy":"product_tag","embeddable":true,"href":"https:\/\/afw.com.tr\/tr\/wp-json\/wp\/v2\/product_tag?post=4784"}],"curies":[{"name":"wp","href":"https:\/\/api.w.org\/{rel}","templated":true}]}}