{"id":4778,"date":"2024-04-08T11:56:34","date_gmt":"2024-04-08T11:56:34","guid":{"rendered":"https:\/\/afw.com.tr\/?post_type=product&#038;p=4778"},"modified":"2025-06-07T22:18:36","modified_gmt":"2025-06-07T22:18:36","slug":"smiffys-bonus-peruk-buyuk-boy-300gr","status":"publish","type":"product","link":"https:\/\/afw.com.tr\/tr\/urun\/smiffys-bonus-peruk-buyuk-boy-300gr\/","title":{"rendered":"Smiffys Bonus Peruk B\u00fcy\u00fck Boy 300GR"},"content":{"rendered":"<p>Smiffys Bonus Peruk B\u00fcy\u00fck Boy 300GR<\/p>","protected":false},"excerpt":{"rendered":"<p>Smiffys Bonus Peruk B\u00fcy\u00fck Boy 300GR<\/p>","protected":false},"featured_media":4779,"comment_status":"open","ping_status":"closed","template":"","meta":[],"product_cat":[78,185],"product_tag":[82,202,203],"_links":{"self":[{"href":"https:\/\/afw.com.tr\/tr\/wp-json\/wp\/v2\/product\/4778"}],"collection":[{"href":"https:\/\/afw.com.tr\/tr\/wp-json\/wp\/v2\/product"}],"about":[{"href":"https:\/\/afw.com.tr\/tr\/wp-json\/wp\/v2\/types\/product"}],"replies":[{"embeddable":true,"href":"https:\/\/afw.com.tr\/tr\/wp-json\/wp\/v2\/comments?post=4778"}],"wp:featuredmedia":[{"embeddable":true,"href":"https:\/\/afw.com.tr\/tr\/wp-json\/wp\/v2\/media\/4779"}],"wp:attachment":[{"href":"https:\/\/afw.com.tr\/tr\/wp-json\/wp\/v2\/media?parent=4778"}],"wp:term":[{"taxonomy":"product_cat","embeddable":true,"href":"https:\/\/afw.com.tr\/tr\/wp-json\/wp\/v2\/product_cat?post=4778"},{"taxonomy":"product_tag","embeddable":true,"href":"https:\/\/afw.com.tr\/tr\/wp-json\/wp\/v2\/product_tag?post=4778"}],"curies":[{"name":"wp","href":"https:\/\/api.w.org\/{rel}","templated":true}]}}