{"id":4776,"date":"2024-04-08T11:52:54","date_gmt":"2024-04-08T11:52:54","guid":{"rendered":"https:\/\/afw.com.tr\/?post_type=product&#038;p=4776"},"modified":"2024-04-08T11:52:54","modified_gmt":"2024-04-08T11:52:54","slug":"smiffys-bayan-kivircik-peruk-korkenzieherlocken-barok-peruk","status":"publish","type":"product","link":"https:\/\/afw.com.tr\/tr\/urun\/smiffys-bayan-kivircik-peruk-korkenzieherlocken-barok-peruk\/","title":{"rendered":"Smiffys Bayan K\u0131v\u0131rc\u0131k Peruk Korkenzieherlocken Barok Peruk"},"content":{"rendered":"<p>Smiffys Bayan K\u0131v\u0131rc\u0131k Peruk Korkenzieherlocken Barok Peruk<\/p>","protected":false},"excerpt":{"rendered":"<p>Smiffys Bayan K\u0131v\u0131rc\u0131k Peruk Korkenzieherlocken Barok Peruk<\/p>","protected":false},"featured_media":4777,"comment_status":"open","ping_status":"closed","template":"","meta":[],"product_cat":[78,185],"product_tag":[82,202,203],"_links":{"self":[{"href":"https:\/\/afw.com.tr\/tr\/wp-json\/wp\/v2\/product\/4776"}],"collection":[{"href":"https:\/\/afw.com.tr\/tr\/wp-json\/wp\/v2\/product"}],"about":[{"href":"https:\/\/afw.com.tr\/tr\/wp-json\/wp\/v2\/types\/product"}],"replies":[{"embeddable":true,"href":"https:\/\/afw.com.tr\/tr\/wp-json\/wp\/v2\/comments?post=4776"}],"wp:featuredmedia":[{"embeddable":true,"href":"https:\/\/afw.com.tr\/tr\/wp-json\/wp\/v2\/media\/4777"}],"wp:attachment":[{"href":"https:\/\/afw.com.tr\/tr\/wp-json\/wp\/v2\/media?parent=4776"}],"wp:term":[{"taxonomy":"product_cat","embeddable":true,"href":"https:\/\/afw.com.tr\/tr\/wp-json\/wp\/v2\/product_cat?post=4776"},{"taxonomy":"product_tag","embeddable":true,"href":"https:\/\/afw.com.tr\/tr\/wp-json\/wp\/v2\/product_tag?post=4776"}],"curies":[{"name":"wp","href":"https:\/\/api.w.org\/{rel}","templated":true}]}}