{"id":4774,"date":"2024-04-08T11:52:17","date_gmt":"2024-04-08T11:52:17","guid":{"rendered":"https:\/\/afw.com.tr\/?post_type=product&#038;p=4774"},"modified":"2024-04-08T11:52:17","modified_gmt":"2024-04-08T11:52:17","slug":"smiffys-bayan-kisa-peruk-kotu-madame-siyah-beyaz","status":"publish","type":"product","link":"https:\/\/afw.com.tr\/tr\/urun\/smiffys-bayan-kisa-peruk-kotu-madame-siyah-beyaz\/","title":{"rendered":"Smiffys Bayan K\u0131sa Peruk K\u00f6t\u00fc Madame Siyah-Beyaz"},"content":{"rendered":"<p>Smiffys Bayan K\u0131sa Peruk K\u00f6t\u00fc Madame Siyah-Beyaz<\/p>","protected":false},"excerpt":{"rendered":"<p>Smiffys Bayan K\u0131sa Peruk K\u00f6t\u00fc Madame Siyah-Beyaz<\/p>","protected":false},"featured_media":4775,"comment_status":"open","ping_status":"closed","template":"","meta":[],"product_cat":[78,185],"product_tag":[82,202,203],"_links":{"self":[{"href":"https:\/\/afw.com.tr\/tr\/wp-json\/wp\/v2\/product\/4774"}],"collection":[{"href":"https:\/\/afw.com.tr\/tr\/wp-json\/wp\/v2\/product"}],"about":[{"href":"https:\/\/afw.com.tr\/tr\/wp-json\/wp\/v2\/types\/product"}],"replies":[{"embeddable":true,"href":"https:\/\/afw.com.tr\/tr\/wp-json\/wp\/v2\/comments?post=4774"}],"wp:featuredmedia":[{"embeddable":true,"href":"https:\/\/afw.com.tr\/tr\/wp-json\/wp\/v2\/media\/4775"}],"wp:attachment":[{"href":"https:\/\/afw.com.tr\/tr\/wp-json\/wp\/v2\/media?parent=4774"}],"wp:term":[{"taxonomy":"product_cat","embeddable":true,"href":"https:\/\/afw.com.tr\/tr\/wp-json\/wp\/v2\/product_cat?post=4774"},{"taxonomy":"product_tag","embeddable":true,"href":"https:\/\/afw.com.tr\/tr\/wp-json\/wp\/v2\/product_tag?post=4774"}],"curies":[{"name":"wp","href":"https:\/\/api.w.org\/{rel}","templated":true}]}}