{"id":4772,"date":"2024-04-08T11:50:04","date_gmt":"2024-04-08T11:50:04","guid":{"rendered":"https:\/\/afw.com.tr\/?post_type=product&#038;p=4772"},"modified":"2024-04-08T11:50:04","modified_gmt":"2024-04-08T11:50:04","slug":"siyah-renk-kivircik-afro-bonus-peruk-parti-perugu","status":"publish","type":"product","link":"https:\/\/afw.com.tr\/tr\/urun\/siyah-renk-kivircik-afro-bonus-peruk-parti-perugu\/","title":{"rendered":"Siyah Renk K\u0131v\u0131rc\u0131k Afro Bonus Peruk Parti Peru\u011fu"},"content":{"rendered":"<p>Siyah Renk K\u0131v\u0131rc\u0131k Afro Bonus Peruk Parti Peru\u011fu<\/p>","protected":false},"excerpt":{"rendered":"<p>Siyah Renk K\u0131v\u0131rc\u0131k Afro Bonus Peruk Parti Peru\u011fu<\/p>","protected":false},"featured_media":4773,"comment_status":"open","ping_status":"closed","template":"","meta":[],"product_cat":[78,185],"product_tag":[82,202,203],"_links":{"self":[{"href":"https:\/\/afw.com.tr\/tr\/wp-json\/wp\/v2\/product\/4772"}],"collection":[{"href":"https:\/\/afw.com.tr\/tr\/wp-json\/wp\/v2\/product"}],"about":[{"href":"https:\/\/afw.com.tr\/tr\/wp-json\/wp\/v2\/types\/product"}],"replies":[{"embeddable":true,"href":"https:\/\/afw.com.tr\/tr\/wp-json\/wp\/v2\/comments?post=4772"}],"wp:featuredmedia":[{"embeddable":true,"href":"https:\/\/afw.com.tr\/tr\/wp-json\/wp\/v2\/media\/4773"}],"wp:attachment":[{"href":"https:\/\/afw.com.tr\/tr\/wp-json\/wp\/v2\/media?parent=4772"}],"wp:term":[{"taxonomy":"product_cat","embeddable":true,"href":"https:\/\/afw.com.tr\/tr\/wp-json\/wp\/v2\/product_cat?post=4772"},{"taxonomy":"product_tag","embeddable":true,"href":"https:\/\/afw.com.tr\/tr\/wp-json\/wp\/v2\/product_tag?post=4772"}],"curies":[{"name":"wp","href":"https:\/\/api.w.org\/{rel}","templated":true}]}}