{"id":4770,"date":"2024-04-08T11:49:20","date_gmt":"2024-04-08T11:49:20","guid":{"rendered":"https:\/\/afw.com.tr\/?post_type=product&#038;p=4770"},"modified":"2024-04-08T11:49:20","modified_gmt":"2024-04-08T11:49:20","slug":"samur-uzun-baris-manco-perugu-ve-biyigi","status":"publish","type":"product","link":"https:\/\/afw.com.tr\/tr\/urun\/samur-uzun-baris-manco-perugu-ve-biyigi\/","title":{"rendered":"Samur Uzun Bar\u0131\u015f Man\u00e7o Peru\u011fu ve B\u0131y\u0131\u011f\u0131"},"content":{"rendered":"<p>Samur Uzun Bar\u0131\u015f Man\u00e7o Peru\u011fu ve B\u0131y\u0131\u011f\u0131<\/p>","protected":false},"excerpt":{"rendered":"<p>Samur Uzun Bar\u0131\u015f Man\u00e7o Peru\u011fu ve B\u0131y\u0131\u011f\u0131<\/p>","protected":false},"featured_media":4771,"comment_status":"open","ping_status":"closed","template":"","meta":[],"product_cat":[78,185],"product_tag":[82,202,203],"_links":{"self":[{"href":"https:\/\/afw.com.tr\/tr\/wp-json\/wp\/v2\/product\/4770"}],"collection":[{"href":"https:\/\/afw.com.tr\/tr\/wp-json\/wp\/v2\/product"}],"about":[{"href":"https:\/\/afw.com.tr\/tr\/wp-json\/wp\/v2\/types\/product"}],"replies":[{"embeddable":true,"href":"https:\/\/afw.com.tr\/tr\/wp-json\/wp\/v2\/comments?post=4770"}],"wp:featuredmedia":[{"embeddable":true,"href":"https:\/\/afw.com.tr\/tr\/wp-json\/wp\/v2\/media\/4771"}],"wp:attachment":[{"href":"https:\/\/afw.com.tr\/tr\/wp-json\/wp\/v2\/media?parent=4770"}],"wp:term":[{"taxonomy":"product_cat","embeddable":true,"href":"https:\/\/afw.com.tr\/tr\/wp-json\/wp\/v2\/product_cat?post=4770"},{"taxonomy":"product_tag","embeddable":true,"href":"https:\/\/afw.com.tr\/tr\/wp-json\/wp\/v2\/product_tag?post=4770"}],"curies":[{"name":"wp","href":"https:\/\/api.w.org\/{rel}","templated":true}]}}