{"id":4766,"date":"2024-04-08T11:47:59","date_gmt":"2024-04-08T11:47:59","guid":{"rendered":"https:\/\/afw.com.tr\/?post_type=product&#038;p=4766"},"modified":"2024-04-08T11:47:59","modified_gmt":"2024-04-08T11:47:59","slug":"pembe-renk-kivircik-afro-bonus-peruk","status":"publish","type":"product","link":"https:\/\/afw.com.tr\/tr\/urun\/pembe-renk-kivircik-afro-bonus-peruk\/","title":{"rendered":"Pembe Renk K\u0131v\u0131rc\u0131k Afro Bonus Peruk"},"content":{"rendered":"<p>Pembe Renk K\u0131v\u0131rc\u0131k Afro Bonus Peruk<\/p>","protected":false},"excerpt":{"rendered":"<p>Pembe Renk K\u0131v\u0131rc\u0131k Afro Bonus Peruk<\/p>","protected":false},"featured_media":4767,"comment_status":"open","ping_status":"closed","template":"","meta":[],"product_cat":[78,185],"product_tag":[82,202,203],"_links":{"self":[{"href":"https:\/\/afw.com.tr\/tr\/wp-json\/wp\/v2\/product\/4766"}],"collection":[{"href":"https:\/\/afw.com.tr\/tr\/wp-json\/wp\/v2\/product"}],"about":[{"href":"https:\/\/afw.com.tr\/tr\/wp-json\/wp\/v2\/types\/product"}],"replies":[{"embeddable":true,"href":"https:\/\/afw.com.tr\/tr\/wp-json\/wp\/v2\/comments?post=4766"}],"wp:featuredmedia":[{"embeddable":true,"href":"https:\/\/afw.com.tr\/tr\/wp-json\/wp\/v2\/media\/4767"}],"wp:attachment":[{"href":"https:\/\/afw.com.tr\/tr\/wp-json\/wp\/v2\/media?parent=4766"}],"wp:term":[{"taxonomy":"product_cat","embeddable":true,"href":"https:\/\/afw.com.tr\/tr\/wp-json\/wp\/v2\/product_cat?post=4766"},{"taxonomy":"product_tag","embeddable":true,"href":"https:\/\/afw.com.tr\/tr\/wp-json\/wp\/v2\/product_tag?post=4766"}],"curies":[{"name":"wp","href":"https:\/\/api.w.org\/{rel}","templated":true}]}}