{"id":4764,"date":"2024-04-08T11:47:07","date_gmt":"2024-04-08T11:47:07","guid":{"rendered":"https:\/\/afw.com.tr\/?post_type=product&#038;p=4764"},"modified":"2025-05-31T14:24:18","modified_gmt":"2025-05-31T14:24:18","slug":"parti-perugu-kut-peruk-sari","status":"publish","type":"product","link":"https:\/\/afw.com.tr\/tr\/urun\/parti-perugu-kut-peruk-sari\/","title":{"rendered":"Parti Peru\u011fu K\u00fct Peruk Sar\u0131"},"content":{"rendered":"<p>Parti Peru\u011fu K\u00fct Peruk Sar\u0131<\/p>","protected":false},"excerpt":{"rendered":"<p>Parti Peru\u011fu K\u00fct Peruk Sar\u0131<\/p>","protected":false},"featured_media":4765,"comment_status":"open","ping_status":"closed","template":"","meta":[],"product_cat":[78,185],"product_tag":[82,202,203],"_links":{"self":[{"href":"https:\/\/afw.com.tr\/tr\/wp-json\/wp\/v2\/product\/4764"}],"collection":[{"href":"https:\/\/afw.com.tr\/tr\/wp-json\/wp\/v2\/product"}],"about":[{"href":"https:\/\/afw.com.tr\/tr\/wp-json\/wp\/v2\/types\/product"}],"replies":[{"embeddable":true,"href":"https:\/\/afw.com.tr\/tr\/wp-json\/wp\/v2\/comments?post=4764"}],"wp:featuredmedia":[{"embeddable":true,"href":"https:\/\/afw.com.tr\/tr\/wp-json\/wp\/v2\/media\/4765"}],"wp:attachment":[{"href":"https:\/\/afw.com.tr\/tr\/wp-json\/wp\/v2\/media?parent=4764"}],"wp:term":[{"taxonomy":"product_cat","embeddable":true,"href":"https:\/\/afw.com.tr\/tr\/wp-json\/wp\/v2\/product_cat?post=4764"},{"taxonomy":"product_tag","embeddable":true,"href":"https:\/\/afw.com.tr\/tr\/wp-json\/wp\/v2\/product_tag?post=4764"}],"curies":[{"name":"wp","href":"https:\/\/api.w.org\/{rel}","templated":true}]}}