{"id":4760,"date":"2024-04-08T11:28:26","date_gmt":"2024-04-08T11:28:26","guid":{"rendered":"https:\/\/afw.com.tr\/?post_type=product&#038;p=4760"},"modified":"2024-04-08T11:28:26","modified_gmt":"2024-04-08T11:28:26","slug":"kahve-renk-erkekler-icin-kisa-ortacag-perugu","status":"publish","type":"product","link":"https:\/\/afw.com.tr\/tr\/urun\/kahve-renk-erkekler-icin-kisa-ortacag-perugu\/","title":{"rendered":"Kahve Renk Erkekler I\u00e7in K\u0131sa Orta\u00e7a\u011f Peru\u011fu"},"content":{"rendered":"<p>Kahve Renk Erkekler I\u00e7in K\u0131sa Orta\u00e7a\u011f Peru\u011fu<\/p>","protected":false},"excerpt":{"rendered":"<p>Kahve Renk Erkekler I\u00e7in K\u0131sa Orta\u00e7a\u011f Peru\u011fu<\/p>","protected":false},"featured_media":4761,"comment_status":"open","ping_status":"closed","template":"","meta":[],"product_cat":[78,185],"product_tag":[82,202,203],"_links":{"self":[{"href":"https:\/\/afw.com.tr\/tr\/wp-json\/wp\/v2\/product\/4760"}],"collection":[{"href":"https:\/\/afw.com.tr\/tr\/wp-json\/wp\/v2\/product"}],"about":[{"href":"https:\/\/afw.com.tr\/tr\/wp-json\/wp\/v2\/types\/product"}],"replies":[{"embeddable":true,"href":"https:\/\/afw.com.tr\/tr\/wp-json\/wp\/v2\/comments?post=4760"}],"wp:featuredmedia":[{"embeddable":true,"href":"https:\/\/afw.com.tr\/tr\/wp-json\/wp\/v2\/media\/4761"}],"wp:attachment":[{"href":"https:\/\/afw.com.tr\/tr\/wp-json\/wp\/v2\/media?parent=4760"}],"wp:term":[{"taxonomy":"product_cat","embeddable":true,"href":"https:\/\/afw.com.tr\/tr\/wp-json\/wp\/v2\/product_cat?post=4760"},{"taxonomy":"product_tag","embeddable":true,"href":"https:\/\/afw.com.tr\/tr\/wp-json\/wp\/v2\/product_tag?post=4760"}],"curies":[{"name":"wp","href":"https:\/\/api.w.org\/{rel}","templated":true}]}}